{"id":103,"date":"2020-12-29T17:59:25","date_gmt":"2020-12-29T23:59:25","guid":{"rendered":"http:\/\/wordpress.algarabiacentrodedia.org.mx\/?page_id=103"},"modified":"2021-01-28T21:04:17","modified_gmt":"2021-01-29T03:04:17","slug":"filosofia-institucional","status":"publish","type":"page","link":"https:\/\/wordpress.algarabiacentrodedia.org.mx\/index.php\/filosofia-institucional\/","title":{"rendered":"Filosof\u00eda Institucional"},"content":{"rendered":"\n<p><strong><span style=\"color:#21409a\" class=\"has-inline-color\">MISI\u00d3N<\/span><\/strong><\/p>\n\n\n\n<p><strong>DESARROLLAR LA AUTODETERMINACI\u00d3N, MEJORAR LA CALIDAD DE VIDA Y OFRECER OPORTUNIDADES DE INCLUSI\u00d3N PARA LAS PERSONAS CON DISCAPACIDAD INTELECTUAL Y TRASTORNOS DE DESARROLLO Y SUS FAMILIAS.<\/strong><\/p>\n\n\n\n<p>Somos una A.C que fomenta el desarrollo de la autodeterminaci\u00f3n de j\u00f3venes y adultos con discapacidad Intelectual con necesidad de apoyo constante y continuo, a fin de mejorar su calidad de vida y las de su familia, promoviendo oportunidades y experiencias de autonom\u00eda, empoderamiento e Inclusi\u00f3n Social. Nuestra Labor se basa en la Convenci\u00f3n Internacional sobre los Derechos de las Personas con Discapacidad.<\/p>\n\n\n\n<p><strong><span style=\"color:#21409a\" class=\"has-inline-color\">VISI\u00d3N<\/span><\/strong><\/p>\n\n\n\n<p><strong>QUE LAS PERSONAS CON DISCAPACIDAD INTELECTUAL Y TRASTORNOS DEL DESARROLLO Y SUS FAMILIAS LOGREN SU AUTORREALIZACI\u00d3N E INCLUSI\u00d3N A UNA COMUNIDAD JUSTA Y SOLIDARIA, QUE RECONOCE Y PROMUEVE SUS DERECHOS COMO HUMANOS Y CIUDADANOS.<\/strong><\/p>\n\n\n\n<p>Ser una instituci\u00f3n referente en la Zona Occidente de M\u00e9xico, respecto a la elaboraci\u00f3n y aplicaci\u00f3n de programas de Calidad de Vida, Inclusi\u00f3n Social y Vida Independiente de las personas con discapacidad, que promueve sus Derechos como humanos y ciudadanos en una comunidad justa y solidaria.<\/p>\n\n\n\n<p><strong><span style=\"color:#9ccb3b\" class=\"has-inline-color\">VALORES<\/span><\/strong><\/p>\n\n\n\n<ul><li><strong><span style=\"color:#9ccb3b\" class=\"has-inline-color\">CALIDAD DE VIDA:<\/span><\/strong> Concepto gu\u00eda de nuestra labor, entendido como un estado de bienestar personal que es la combinaci\u00f3n de las condiciones de vida y la satisfacci\u00f3n personal seg\u00fan la escala de valores, aspiraciones y expectativas personales..<\/li><\/ul>\n\n\n\n<ul><li><strong><span style=\"color:#9ccb3b\" class=\"has-inline-color\">JUSTICIA:<\/span><\/strong> Nuestras demandas y acciones estar\u00e1n sustentadas en el principio de la igualdad de oportunidades y no en el paradigma asistencialista.<\/li><\/ul>\n\n\n\n<ul><li><strong><span style=\"color:#9ccb3b\" class=\"has-inline-color\">ENFOQUE EN EL USUARIO:<\/span><\/strong> Nuestras pr\u00e1cticas y los servicios que ofrecemos est\u00e1n orientados hacia la persona con discapacidad intelectual (DI), con sus caracter\u00edsticas personales.<\/li><\/ul>\n\n\n\n<ul><li><strong><span style=\"color:#9ccb3b\" class=\"has-inline-color\">SOLIDARIDAD:<\/span><\/strong> Sobre todo con las familias de las personas con DI, pero tambi\u00e9n comprometidos con otros grupos, sectores sociales y ciudadanos sensibles a la situaci\u00f3n de las personas con DI para actuar de forma com\u00fan aportando soluciones globales.<\/li><\/ul>\n\n\n\n<ul><li><strong><span style=\"color:#9ccb3b\" class=\"has-inline-color\">INDEPENDENCIA:<\/span><\/strong> FYAPDI AC debe ser independiente y ajena de cualquier inter\u00e9s pol\u00edtico<strong> y\/o <\/strong> religioso, de forma que le permita ser autocr\u00edtica en sus acciones y ser cr\u00edtica en las actuaciones ajenas.<\/li><\/ul>\n\n\n\n<ul><li><strong><span style=\"color:#9ccb3b\" class=\"has-inline-color\">AYUDA MUTUA:<\/span><\/strong> La organizaci\u00f3n fomenta que la ayuda mutua entre sus miembros sea uno de sus elementos constitutivos fundamentales.<\/li><\/ul>\n\n\n\n<ul><li><strong><span style=\"color:#9ccb3b\" class=\"has-inline-color\">TRANSPARENCIA:<\/span><\/strong> Nuestra actuaci\u00f3n debe implicar transparencia y honradez en nuestros procedimientos de forma tal, que nuestra situaci\u00f3n sea visible a cualquier entidad o persona.<\/li><\/ul>\n\n\n\n<ul><li><strong><span style=\"color:#9ccb3b\" class=\"has-inline-color\">SENTIDO DE PERTENENCIA:<\/span><\/strong> Cada miembro de la asociaci\u00f3n se siente part\u00edcipe de las acciones y sus resultados.<\/li><\/ul>\n\n\n\n<p><strong><span style=\"color:#21409a\" class=\"has-inline-color\">OBJETIVO GENERAL<\/span><\/strong><\/p>\n\n\n\n<p>Que las personas con discapacidad intelectual desarrollen sus competencias afectivas, cognitivas, sociales y motoras, a fin de que lleven a la realidad su propuesta de vida de calidad que desean tener, en espacios que les faciliten dicha acci\u00f3n, de forma temporal o permanente.<\/p>\n\n\n\n<p><strong><span style=\"color:#21409a\" class=\"has-inline-color\">OBJETIVOS ESPEC\u00cdFICOS:<\/span><\/strong><\/p>\n\n\n\n<p><strong><span style=\"color:#f57f26\" class=\"has-inline-color\"><a href=\"https:\/\/wordpress.algarabiacentrodedia.org.mx\/index.php\/centro-de-desarrollo-integral\/\" data-type=\"page\" data-id=\"121\" target=\"_blank\" rel=\"noreferrer noopener\">Centro de Desarrollo Integral.-<\/a><\/span> <\/strong>Brindar espacios adecuados para que los j\u00f3venes y adultos con discapacidad<strong> <\/strong>intelectual desarrollen sus competencias afectivas, cognitivas y motoras, a fin de<strong> <\/strong>que lleven a la realidad su propuesta de vida de calidad que desean tener.<\/p>\n\n\n\n<p><strong><span style=\"color:#f57f26\" class=\"has-inline-color\"><a href=\"https:\/\/wordpress.algarabiacentrodedia.org.mx\/index.php\/apoyo-a-familias\/\" data-type=\"page\" data-id=\"123\" target=\"_blank\" rel=\"noreferrer noopener\">Apoyo a Familias.-<\/a><\/span> <\/strong>Brindar apoyo y acompa\u00f1amiento a las familias en su proyecto de vida, para mejorar su calidad de vida y el bienestar de cada uno de sus miembros.<\/p>\n\n\n\n<p><strong><span style=\"color:#f57f26\" class=\"has-inline-color\"><a href=\"https:\/\/wordpress.algarabiacentrodedia.org.mx\/index.php\/sensibilizacion-de-la-sociedad\/\" data-type=\"page\" data-id=\"126\" target=\"_blank\" rel=\"noreferrer noopener\">Concientizaci\u00f3n a la Sociedad.-<\/a><\/span><\/strong> Brindar a las PcDI y TD apoyos y oportunidades de inclusi\u00f3n a una comunidad justa y solidaria, que reconoce y promueve sus derechos como humanos y ciudadanos.<\/p>\n\n\n\n<p><strong><span style=\"color:#f57f26\" class=\"has-inline-color\"><a href=\"https:\/\/wordpress.algarabiacentrodedia.org.mx\/index.php\/incidencia-en-politicas-publicas\/\" data-type=\"page\" data-id=\"129\" target=\"_blank\" rel=\"noreferrer noopener\">Incidencia en Pol\u00edticas P\u00fablicas.-<\/a><\/span><\/strong> Contribuir al cambio de paradigmas sobre la discapacidad a trav\u00e9s de la modificaci\u00f3n de las leyes, para fomentar el reconocimiento y respeto de los derechos de las PcDI y promover la accesibilidad de espacios p\u00fablicos y privados.<\/p>\n\n\n\n<p><strong><span style=\"color:#21409a\" class=\"has-inline-color\">C\u00d3DIGO DE \u00c9TICA:<\/span><\/strong><\/p>\n\n\n\n<p>La \u00e9tica es la parte de la filosof\u00eda que trata del conjunto de normas morales que rigen la conducta humana.<\/p>\n\n\n\n<p>La \u00e9tica normativa es la parte de la \u00e9tica que define c\u00f3mo derivar normas y reglas que deben seguirse para tener un comportamiento \u00e9tico.<\/p>\n\n\n\n<p>La \u00e9tica aplicada consiste en llevar a la pr\u00e1ctica la \u00e9tica (a trav\u00e9s de reglas espec\u00edficas) a los diversos \u00e1mbitos de la actividad humana (familiar, social, profesional, etc\u00e9tera).<\/p>\n\n\n\n<p>Una parte muy importante de la pr\u00e1ctica profesional se refiere a la \u00e9tica que debe observarse, de ah\u00ed que FYAPDI AC se haya dado a la tarea de establecer los valores que lo representan como asociaci\u00f3n civil para poder tener un criterio y un C\u00f3digo de \u00c9tica profesional, por parte del consejo y del personal operativo de los servicios que se ofrecen, para que como organizaci\u00f3n nos permita enfrentar las nuevas tendencias y necesidades de los beneficiarios sin perder el camino por el cual deseamos lograr la inclusi\u00f3n y el cambio de nuestra sociedad.<\/p>\n","protected":false},"excerpt":{"rendered":"<p>MISI\u00d3N DESARROLLAR LA AUTODETERMINACI\u00d3N, MEJORAR LA CALIDAD DE VIDA Y OFRECER OPORTUNIDADES DE INCLUSI\u00d3N PARA LAS PERSONAS CON DISCAPACIDAD INTELECTUAL Y TRASTORNOS DE DESARROLLO Y SUS FAMILIAS. Somos una A.C que fomenta el desarrollo de la autodeterminaci\u00f3n de j\u00f3venes y adultos con discapacidad Intelectual con necesidad de apoyo constante y continuo, a fin de mejorar su calidad de vida y &hellip; <\/p>\n","protected":false},"author":1,"featured_media":0,"parent":0,"menu_order":0,"comment_status":"closed","ping_status":"closed","template":"","meta":{"spay_email":""},"_links":{"self":[{"href":"https:\/\/wordpress.algarabiacentrodedia.org.mx\/index.php\/wp-json\/wp\/v2\/pages\/103"}],"collection":[{"href":"https:\/\/wordpress.algarabiacentrodedia.org.mx\/index.php\/wp-json\/wp\/v2\/pages"}],"about":[{"href":"https:\/\/wordpress.algarabiacentrodedia.org.mx\/index.php\/wp-json\/wp\/v2\/types\/page"}],"author":[{"embeddable":true,"href":"https:\/\/wordpress.algarabiacentrodedia.org.mx\/index.php\/wp-json\/wp\/v2\/users\/1"}],"replies":[{"embeddable":true,"href":"https:\/\/wordpress.algarabiacentrodedia.org.mx\/index.php\/wp-json\/wp\/v2\/comments?post=103"}],"version-history":[{"count":5,"href":"https:\/\/wordpress.algarabiacentrodedia.org.mx\/index.php\/wp-json\/wp\/v2\/pages\/103\/revisions"}],"predecessor-version":[{"id":431,"href":"https:\/\/wordpress.algarabiacentrodedia.org.mx\/index.php\/wp-json\/wp\/v2\/pages\/103\/revisions\/431"}],"wp:attachment":[{"href":"https:\/\/wordpress.algarabiacentrodedia.org.mx\/index.php\/wp-json\/wp\/v2\/media?parent=103"}],"curies":[{"name":"wp","href":"https:\/\/api.w.org\/{rel}","templated":true}]}}