{"id":121,"date":"2020-12-29T18:35:59","date_gmt":"2020-12-30T00:35:59","guid":{"rendered":"http:\/\/wordpress.algarabiacentrodedia.org.mx\/?page_id=121"},"modified":"2021-01-28T20:54:04","modified_gmt":"2021-01-29T02:54:04","slug":"centro-de-desarrollo-integral","status":"publish","type":"page","link":"https:\/\/wordpress.algarabiacentrodedia.org.mx\/index.php\/centro-de-desarrollo-integral\/","title":{"rendered":"Centro de Desarrollo Integral"},"content":{"rendered":"\n<p><strong><span style=\"color:#f57f26\" class=\"has-inline-color\">Objetivo<em>&nbsp;general<\/em><\/span><\/strong><\/p>\n\n\n\n<p>Brindar espacios adecuados para que los j\u00f3venes y adultos con discapacidad intelectual (DI) desarrollen sus competencias afectivas, cognitivas y motoras, a fin de que lleven a la realidad su propuesta de vida de calidad que desean tener.<\/p>\n\n\n\n<p><strong><span style=\"color:#f57f26\" class=\"has-inline-color\">Objetivos<em>&nbsp;espec\u00edficos<\/em><\/span><\/strong><\/p>\n\n\n\n<ol type=\"1\"><li>Que las personas con DI desarrollen competencias para la vida diaria (Centro de D\u00eda)<\/li><li>Que los beneficiarios de FYAPDI AC desarrollen competencias laborales que permitan el desempe\u00f1o de un empleo remunerado, en la medida de sus posibilidades. (Centro Laboral)<\/li><li>Que las personas con DI dispongan de espacios de vida independiente en los que se desarrolle la autodeterminaci\u00f3n. (Hogar Sustituto)<\/li><li>Que los j\u00f3venes y adultos con discapacidad intelectual realicen actividades de descanso y deportivas en espacios adecuados a sus necesidades e intereses. (Ocio y Deportes)<\/li><\/ol>\n\n\n\n<p><strong><span style=\"color:#9ccb3b\" class=\"has-inline-color\">Servicios del Centro de Desarrollo Integral<\/span><\/strong><\/p>\n\n\n\n<p><span style=\"color:#f57f26\" class=\"has-inline-color\"><strong>Centro de d\u00eda<\/strong>.<\/span> El programa de trabajo est\u00e1 encaminado a desarrollar la autorrealizaci\u00f3n del usuario, trabajando en:&nbsp;su autodeterminaci\u00f3n, la mejora de la calidad de su vida actual y futura, y su inclusi\u00f3n social. Funciona a trav\u00e9s de talleres para el manejo de su emotividad y elevaci\u00f3n de autoestima, el desempe\u00f1o en la vida diaria, el uso de la comunidad y la inclusi\u00f3n social, y actividades laborales. Tiene un horario de 9:00 a 17:00 a fin de que los miembros de la familia del usuario tengan tiempo para desarrollar actividades econ\u00f3micamente productivas.<\/p>\n\n\n\n<p><span style=\"color:#f57f26\" class=\"has-inline-color\"><strong>Centro Laboral<\/strong>.<\/span> El objeto central es generar saberes y habilidades para el trabajo, contamos con un Proyecto Productivo de Jaboner\u00eda artesanal PANDO, donde nuestros usuarios participan del proceso de desmolde y etiquetado del jab\u00f3n, recibiendo una remuneraci\u00f3n a su trabajo,  ejerciendo as\u00ed su derecho a ser Personas Productivas.<\/p>\n\n\n\n<p><strong><span style=\"color:#f57f26\" class=\"has-inline-color\">Hogar Sustituto.<\/span><\/strong>&nbsp;Espacio de vivienda temporal o permanente para j\u00f3venes y adultos con DI, orientado a que (con el soporte del personal y de las personas de la comunidad) desarrollen las facetas normales de la vida hogare\u00f1a: hacer compras, cuidar la casa, cocinar, relacionarse, elegir, tener privacidad, disfrutar de sus intereses y de su tiempo libre<strong> <\/strong><\/p>\n\n\n\n<p><span style=\"color:#f57f26\" class=\"has-inline-color\"><strong>Deportes<\/strong>.<\/span> Actividades que permitan a los j\u00f3venes y adultos con DI satisfacer sus necesidades de ocio, amistad, y pr\u00e1ctica de deportes. Se realiza en alianza con otras instancias p\u00fablicas y privadas.<\/p>\n\n\n\n<figure class=\"wp-block-pullquote\"><blockquote><p>Por el momento en atenci\u00f3n a las medidas preventivas por el COVID 19 estamos impartiendo los talleres de manera virtual.<\/p><cite>pasado el bot\u00f3n rojo  la operaci\u00f3n de algarab\u00eda se ajusta al horario de atenci\u00f3n de 09:00 a 14:00 hrs, con la asistencia de usuarios y colaboradores de manera intercalada<\/cite><\/blockquote><\/figure>\n","protected":false},"excerpt":{"rendered":"<p>Objetivo&nbsp;general Brindar espacios adecuados para que los j\u00f3venes y adultos con discapacidad intelectual (DI) desarrollen sus competencias afectivas, cognitivas y motoras, a fin de que lleven a la realidad su propuesta de vida de calidad que desean tener. Objetivos&nbsp;espec\u00edficos Que las personas con DI desarrollen competencias para la vida diaria (Centro de D\u00eda) Que los beneficiarios de FYAPDI AC desarrollen &hellip; <\/p>\n","protected":false},"author":1,"featured_media":0,"parent":0,"menu_order":0,"comment_status":"closed","ping_status":"closed","template":"","meta":{"spay_email":""},"_links":{"self":[{"href":"https:\/\/wordpress.algarabiacentrodedia.org.mx\/index.php\/wp-json\/wp\/v2\/pages\/121"}],"collection":[{"href":"https:\/\/wordpress.algarabiacentrodedia.org.mx\/index.php\/wp-json\/wp\/v2\/pages"}],"about":[{"href":"https:\/\/wordpress.algarabiacentrodedia.org.mx\/index.php\/wp-json\/wp\/v2\/types\/page"}],"author":[{"embeddable":true,"href":"https:\/\/wordpress.algarabiacentrodedia.org.mx\/index.php\/wp-json\/wp\/v2\/users\/1"}],"replies":[{"embeddable":true,"href":"https:\/\/wordpress.algarabiacentrodedia.org.mx\/index.php\/wp-json\/wp\/v2\/comments?post=121"}],"version-history":[{"count":3,"href":"https:\/\/wordpress.algarabiacentrodedia.org.mx\/index.php\/wp-json\/wp\/v2\/pages\/121\/revisions"}],"predecessor-version":[{"id":427,"href":"https:\/\/wordpress.algarabiacentrodedia.org.mx\/index.php\/wp-json\/wp\/v2\/pages\/121\/revisions\/427"}],"wp:attachment":[{"href":"https:\/\/wordpress.algarabiacentrodedia.org.mx\/index.php\/wp-json\/wp\/v2\/media?parent=121"}],"curies":[{"name":"wp","href":"https:\/\/api.w.org\/{rel}","templated":true}]}}