{"id":123,"date":"2020-12-29T18:42:57","date_gmt":"2020-12-30T00:42:57","guid":{"rendered":"http:\/\/wordpress.algarabiacentrodedia.org.mx\/?page_id=123"},"modified":"2021-01-28T20:53:14","modified_gmt":"2021-01-29T02:53:14","slug":"apoyo-a-familias","status":"publish","type":"page","link":"https:\/\/wordpress.algarabiacentrodedia.org.mx\/index.php\/apoyo-a-familias\/","title":{"rendered":"Apoyo a Familias"},"content":{"rendered":"\n<p><strong><span style=\"color:#f57f26\" class=\"has-inline-color\">Objetivo<em>&nbsp;General<\/em><\/span><\/strong><\/p>\n\n\n\n<p>Brindar apoyo y acompa\u00f1amiento a las familias para mejorar su calidad de vida y el bienestar de cada uno de sus miembros.<\/p>\n\n\n\n<p><strong><span style=\"color:#f57f26\" class=\"has-inline-color\">Objetivos<em>&nbsp;Espec\u00edficos<\/em><\/span><\/strong><\/p>\n\n\n\n<ol type=\"1\"><li>Propiciar y desarrollar la conciencia personal del panorama vivencial de ser padre o familiar de una persona con discapacidad intelectual o del desarrollo.<\/li><li>Identificar y desarrollar habilidades personales de afrontamiento<\/li><li>Propiciar actitudes positivas para el desarrollo y el bienestar personal, as\u00ed como para la relaci\u00f3n con la persona que vive la discapacidad.<\/li><li>Desarrollar en las familias capacidades de apoyo mutuo a otras familias beneficiarias.<\/li><\/ol>\n\n\n\n<p><strong><span style=\"color:#9ccb3b\" class=\"has-inline-color\">Servicios de Apoyo a Familias<\/span><\/strong><\/p>\n\n\n\n<p><span style=\"color:#f57f26\" class=\"has-inline-color\"><strong>Cursos- taller<\/strong>:<\/span> Se trabajan temas de inter\u00e9s como, diagn\u00f3stico de las necesidades de la Persona con Discapacidad Intelectual (PcDI) y Trastornos del Desarrollo (TD), exploraci\u00f3n del panorama real de la discapacidad, recursos personales para el desarrollo personal, desarrollo de herramientas de salud mental, desarrollo de estrategias de afrontamiento, etc.<\/p>\n\n\n\n<div class=\"wp-block-image\"><figure class=\"aligncenter size-large\"><img loading=\"lazy\" width=\"1000\" height=\"750\" src=\"https:\/\/wordpress.algarabiacentrodedia.org.mx\/wp-content\/uploads\/2021\/01\/Foto-23-08-18-4-08-47-p.-m..png\" alt=\"\" class=\"wp-image-359\" srcset=\"https:\/\/wordpress.algarabiacentrodedia.org.mx\/wp-content\/uploads\/2021\/01\/Foto-23-08-18-4-08-47-p.-m..png 1000w, https:\/\/wordpress.algarabiacentrodedia.org.mx\/wp-content\/uploads\/2021\/01\/Foto-23-08-18-4-08-47-p.-m.-300x225.png 300w, https:\/\/wordpress.algarabiacentrodedia.org.mx\/wp-content\/uploads\/2021\/01\/Foto-23-08-18-4-08-47-p.-m.-768x576.png 768w\" sizes=\"(max-width: 1000px) 100vw, 1000px\" \/><\/figure><\/div>\n\n\n\n<p><strong><span style=\"color:#f57f26\" class=\"has-inline-color\">C\u00edrculo de apoyo:<\/span><\/strong>&nbsp;con intervenci\u00f3n de psic\u00f3logos y personal especializado para las familias: padres, hermanos, abuelos, etc. de personas con DI<\/p>\n\n\n\n<div class=\"wp-block-image\"><figure class=\"aligncenter size-large\"><img loading=\"lazy\" width=\"1000\" height=\"760\" src=\"https:\/\/wordpress.algarabiacentrodedia.org.mx\/wp-content\/uploads\/2021\/01\/Foto-18-10-18-4-52-31-p.-m..png\" alt=\"\" class=\"wp-image-361\" srcset=\"https:\/\/wordpress.algarabiacentrodedia.org.mx\/wp-content\/uploads\/2021\/01\/Foto-18-10-18-4-52-31-p.-m..png 1000w, https:\/\/wordpress.algarabiacentrodedia.org.mx\/wp-content\/uploads\/2021\/01\/Foto-18-10-18-4-52-31-p.-m.-300x228.png 300w, https:\/\/wordpress.algarabiacentrodedia.org.mx\/wp-content\/uploads\/2021\/01\/Foto-18-10-18-4-52-31-p.-m.-768x584.png 768w\" sizes=\"(max-width: 1000px) 100vw, 1000px\" \/><\/figure><\/div>\n\n\n\n<p><strong><span style=\"color:#f57f26\" class=\"has-inline-color\">Programa de Respiro:<\/span><\/strong>&nbsp;para apoyar temporalmente a las familias a fin de que realicen actividades espec\u00edficas de pareja o familiares sin la presencia del miembro con DI. <strong>Asesor\u00eda legal<\/strong>&nbsp;a familias con hijos beneficiarios del Centro de Desarrollo Integral, respecto a acciones para proteger el presente y futuro de las PcDI<\/p>\n","protected":false},"excerpt":{"rendered":"<p>Objetivo&nbsp;General Brindar apoyo y acompa\u00f1amiento a las familias para mejorar su calidad de vida y el bienestar de cada uno de sus miembros. Objetivos&nbsp;Espec\u00edficos Propiciar y desarrollar la conciencia personal del panorama vivencial de ser padre o familiar de una persona con discapacidad intelectual o del desarrollo. Identificar y desarrollar habilidades personales de afrontamiento Propiciar actitudes positivas para el desarrollo &hellip; <\/p>\n","protected":false},"author":1,"featured_media":0,"parent":0,"menu_order":0,"comment_status":"closed","ping_status":"closed","template":"","meta":{"spay_email":""},"_links":{"self":[{"href":"https:\/\/wordpress.algarabiacentrodedia.org.mx\/index.php\/wp-json\/wp\/v2\/pages\/123"}],"collection":[{"href":"https:\/\/wordpress.algarabiacentrodedia.org.mx\/index.php\/wp-json\/wp\/v2\/pages"}],"about":[{"href":"https:\/\/wordpress.algarabiacentrodedia.org.mx\/index.php\/wp-json\/wp\/v2\/types\/page"}],"author":[{"embeddable":true,"href":"https:\/\/wordpress.algarabiacentrodedia.org.mx\/index.php\/wp-json\/wp\/v2\/users\/1"}],"replies":[{"embeddable":true,"href":"https:\/\/wordpress.algarabiacentrodedia.org.mx\/index.php\/wp-json\/wp\/v2\/comments?post=123"}],"version-history":[{"count":4,"href":"https:\/\/wordpress.algarabiacentrodedia.org.mx\/index.php\/wp-json\/wp\/v2\/pages\/123\/revisions"}],"predecessor-version":[{"id":362,"href":"https:\/\/wordpress.algarabiacentrodedia.org.mx\/index.php\/wp-json\/wp\/v2\/pages\/123\/revisions\/362"}],"wp:attachment":[{"href":"https:\/\/wordpress.algarabiacentrodedia.org.mx\/index.php\/wp-json\/wp\/v2\/media?parent=123"}],"curies":[{"name":"wp","href":"https:\/\/api.w.org\/{rel}","templated":true}]}}