{"id":132,"date":"2021-01-01T16:37:57","date_gmt":"2021-01-01T22:37:57","guid":{"rendered":"http:\/\/wordpress.algarabiacentrodedia.org.mx\/?page_id=132"},"modified":"2021-01-28T20:27:16","modified_gmt":"2021-01-29T02:27:16","slug":"como-puedo-apoyar","status":"publish","type":"page","link":"https:\/\/wordpress.algarabiacentrodedia.org.mx\/index.php\/como-puedo-apoyar\/","title":{"rendered":"\u00bfC\u00f3mo puedo Apoyar?"},"content":{"rendered":"\n<p>Los j\u00f3venes y adultos con discapacidad intelectual (DI) tienen derecho a tener una vida con calidad.<\/p>\n\n\n\n<p>\u00bfQu\u00e9 significa tener CALIDAD DE VIDA?<\/p>\n\n\n\n<p>Robert Schalock nos dice que se conforma por ocho \u00e1reas, organizadas por tres factores. Presentamos la tabla que Aznar y Gonz\u00e1lez Casta\u00f1\u00f3n nos ofrecen en su libro\u00a0<em>Son o se hacen<\/em><\/p>\n\n\n\n<div class=\"wp-block-image\"><figure class=\"aligncenter size-large is-resized\"><img loading=\"lazy\" src=\"https:\/\/wordpress.algarabiacentrodedia.org.mx\/wp-content\/uploads\/2021\/01\/Areas-de-la-Calidad-de-Vida-724x1024.jpg\" alt=\"\" class=\"wp-image-133\" width=\"606\" height=\"857\" srcset=\"https:\/\/wordpress.algarabiacentrodedia.org.mx\/wp-content\/uploads\/2021\/01\/Areas-de-la-Calidad-de-Vida-724x1024.jpg 724w, https:\/\/wordpress.algarabiacentrodedia.org.mx\/wp-content\/uploads\/2021\/01\/Areas-de-la-Calidad-de-Vida-212x300.jpg 212w, https:\/\/wordpress.algarabiacentrodedia.org.mx\/wp-content\/uploads\/2021\/01\/Areas-de-la-Calidad-de-Vida-768x1086.jpg 768w, https:\/\/wordpress.algarabiacentrodedia.org.mx\/wp-content\/uploads\/2021\/01\/Areas-de-la-Calidad-de-Vida-1086x1536.jpg 1086w, https:\/\/wordpress.algarabiacentrodedia.org.mx\/wp-content\/uploads\/2021\/01\/Areas-de-la-Calidad-de-Vida.jpg 1351w\" sizes=\"(max-width: 606px) 100vw, 606px\" \/><\/figure><\/div>\n\n\n\n<p>T\u00fa puedes apoyarlos para conseguir que su vida sea de calidad<\/p>\n\n\n\n<ul><li>Siendo <a href=\"https:\/\/wordpress.algarabiacentrodedia.org.mx\/index.php\/voluntariado\/\" data-type=\"page\" data-id=\"135\" target=\"_blank\" rel=\"noreferrer noopener\">VOLUNTARIO<\/a>.<\/li><li>Realizando tu <a href=\"https:\/\/wordpress.algarabiacentrodedia.org.mx\/index.php\/servicio-social\/\" data-type=\"page\" data-id=\"138\" target=\"_blank\" rel=\"noreferrer noopener\">SERVICIO SOCIAL<\/a><\/li><li>Haciendo tus <a href=\"https:\/\/wordpress.algarabiacentrodedia.org.mx\/index.php\/practicas-profesionales\/\" data-type=\"page\" data-id=\"140\" target=\"_blank\" rel=\"noreferrer noopener\">PR\u00c1CTICAS PROFESIONALES<\/a><\/li><li>Siendo <a href=\"https:\/\/wordpress.algarabiacentrodedia.org.mx\/index.php\/donativos\/\" data-type=\"page\" data-id=\"144\" target=\"_blank\" rel=\"noreferrer noopener\">DONANTE<\/a><\/li><li>Como PATROCINADOR de nuestros eventos. Ponte en contacto con nosotros para informarte\u00a0de los eventos del a\u00f1o.<\/li><\/ul>\n\n\n\n<p>ORGANIZANDO UN EVENTO para nuestra instituci\u00f3n. Ponte en contacto con nosotros&nbsp;<\/p>\n","protected":false},"excerpt":{"rendered":"<p>Los j\u00f3venes y adultos con discapacidad intelectual (DI) tienen derecho a tener una vida con calidad. \u00bfQu\u00e9 significa tener CALIDAD DE VIDA? Robert Schalock nos dice que se conforma por ocho \u00e1reas, organizadas por tres factores. Presentamos la tabla que Aznar y Gonz\u00e1lez Casta\u00f1\u00f3n nos ofrecen en su libro\u00a0Son o se hacen T\u00fa puedes apoyarlos para conseguir que su vida &hellip; <\/p>\n","protected":false},"author":1,"featured_media":0,"parent":0,"menu_order":0,"comment_status":"closed","ping_status":"closed","template":"","meta":{"spay_email":""},"_links":{"self":[{"href":"https:\/\/wordpress.algarabiacentrodedia.org.mx\/index.php\/wp-json\/wp\/v2\/pages\/132"}],"collection":[{"href":"https:\/\/wordpress.algarabiacentrodedia.org.mx\/index.php\/wp-json\/wp\/v2\/pages"}],"about":[{"href":"https:\/\/wordpress.algarabiacentrodedia.org.mx\/index.php\/wp-json\/wp\/v2\/types\/page"}],"author":[{"embeddable":true,"href":"https:\/\/wordpress.algarabiacentrodedia.org.mx\/index.php\/wp-json\/wp\/v2\/users\/1"}],"replies":[{"embeddable":true,"href":"https:\/\/wordpress.algarabiacentrodedia.org.mx\/index.php\/wp-json\/wp\/v2\/comments?post=132"}],"version-history":[{"count":2,"href":"https:\/\/wordpress.algarabiacentrodedia.org.mx\/index.php\/wp-json\/wp\/v2\/pages\/132\/revisions"}],"predecessor-version":[{"id":415,"href":"https:\/\/wordpress.algarabiacentrodedia.org.mx\/index.php\/wp-json\/wp\/v2\/pages\/132\/revisions\/415"}],"wp:attachment":[{"href":"https:\/\/wordpress.algarabiacentrodedia.org.mx\/index.php\/wp-json\/wp\/v2\/media?parent=132"}],"curies":[{"name":"wp","href":"https:\/\/api.w.org\/{rel}","templated":true}]}}