{"id":135,"date":"2021-01-01T16:52:37","date_gmt":"2021-01-01T22:52:37","guid":{"rendered":"http:\/\/wordpress.algarabiacentrodedia.org.mx\/?page_id=135"},"modified":"2021-01-28T21:30:58","modified_gmt":"2021-01-29T03:30:58","slug":"voluntariado","status":"publish","type":"page","link":"https:\/\/wordpress.algarabiacentrodedia.org.mx\/index.php\/voluntariado\/","title":{"rendered":"Voluntariado"},"content":{"rendered":"\n<p><span style=\"color:#21409a\" class=\"has-inline-color\"><strong>\u00bfQui\u00e9n es un voluntario?<\/strong><\/span><\/p>\n\n\n\n<p>Es una persona que de manera libre y altruista, se compromete con la Asociaci\u00f3n Civil para realizar acciones acordadas como apoyo en programas estipulados.<\/p>\n\n\n\n<p><span style=\"color:#21409a\" class=\"has-inline-color\"><strong>\u00bfQu\u00e9 se necesita para ser Voluntario en FYAPDI AC?<\/strong><\/span><\/p>\n\n\n\n<ul><li>Motivaci\u00f3n para compartir<\/li><li>Ser mayor de 18 a\u00f1os<\/li><li>Tener estabilidad emocional y mostrar responsabilidad y compromiso<\/li><li>Disponer del tiempo libre necesario para cumplir lo comprometido<\/li><li>Respetar la confidencialidad de la informaci\u00f3n que se maneje<\/li><\/ul>\n\n\n\n<p>Poseer una actitud positiva, abierta y comprometida con las necesidades de las personas con discapacidad intelectual (DI) o su familia<\/p>\n\n\n\n<p><span style=\"color:#21409a\" class=\"has-inline-color\"><strong>\u00bfHasta d\u00f3nde llega la responsabilidad de un Voluntario?<\/strong><\/span><\/p>\n\n\n\n<p>Su trabajo complementa la labor de los diferentes profesionales que participan en el desarrollo de las actividades de FYAPDI AC por lo que su labor depende del profesionista al que apoya.<\/p>\n\n\n\n<p>No puede conseguir alg\u00fan beneficio econ\u00f3mico.<\/p>\n\n\n\n<p>No le compete realizar pr\u00e1cticas sanitarias (poner inyecciones, realizar el aseo de higiene personal de los usuarios) ni elaborar informes psicol\u00f3gicos de los usuarios Puede representar a la AC cuando se le solicite formalmente<\/p>\n\n\n\n<p><strong><span style=\"color:#21409a\" class=\"has-inline-color\">\u00bfCu\u00e1les son los derechos de los voluntarios?<\/span><\/strong> <\/p>\n\n\n\n<ul><li>Ser tratados sin discriminaci\u00f3n<\/li><li>Colaborar en la elaboraci\u00f3n, ejecuci\u00f3n y evaluaci\u00f3n de programas<\/li><li>Recibir informaci\u00f3n y formaci\u00f3n<\/li><li>Recibir apoyo de FYAPDI AC para el desarrollo de sus funciones<\/li><li>Disponer de acreditaci\u00f3n<\/li><li>Poseer certificado de su labor voluntaria<\/li><li>Ser respetado en el desarrollo de su acci\u00f3n<\/li><li>Estar asegurado por accidentes y responsabilidad civil<\/li><li>Recibir reembolso por los gastos que ocasione la acci\u00f3n voluntaria<\/li><\/ul>\n\n\n\n<p><strong><span style=\"color:#21409a\" class=\"has-inline-color\">\u00bfCu\u00e1les son los deberes de los voluntarios?<\/span><\/strong> <\/p>\n\n\n\n<ul><li>Respetar los reglamentos y normas de FYAPDI<\/li><li>Participar en la formaci\u00f3n impartida por FYAPDI<\/li><li>Colaborar en la planificaci\u00f3n y evaluaci\u00f3n de las actividades<\/li><li>Actuar de forma diligente, responsable y solidaria<\/li><li>Seguir las instrucciones dadas por el responsable del programa<\/li><li>Cumplir el compromiso adquirido con FYAPDI<\/li><\/ul>\n\n\n\n<p><strong><span style=\"color:#21409a\" class=\"has-inline-color\">\u00bfEn cu\u00e1les \u00e1reas puede apoyar un voluntario?<\/span><\/strong><\/p>\n\n\n\n<ul><li>Trabajo directo con los usuarios<\/li><li>Administraci\u00f3n<\/li><li>Contabilidad<\/li><li>Mercadotecnia<\/li><li>Dise\u00f1o gr\u00e1fico<\/li><li>Comunicaci\u00f3n social<\/li><li>M\u00e9dicas<\/li><li>Cabildeo y negociaciones con actores pol\u00edticos<\/li><li>Asesor\u00eda profesional<\/li><li>Capacitaci\u00f3n<\/li><li>Procuraci\u00f3n de fondos<\/li><li>Apoyo psicol\u00f3gico a padres de familia<\/li><li>Secretariales<\/li><li>Transporte<\/li><\/ul>\n\n\n\n<p><strong><span style=\"color:#21409a\" class=\"has-inline-color\">\u00bfQuieres ser nuestro voluntario?<\/span><\/strong><\/p>\n","protected":false},"excerpt":{"rendered":"<p>\u00bfQui\u00e9n es un voluntario? Es una persona que de manera libre y altruista, se compromete con la Asociaci\u00f3n Civil para realizar acciones acordadas como apoyo en programas estipulados. \u00bfQu\u00e9 se necesita para ser Voluntario en FYAPDI AC? Motivaci\u00f3n para compartir Ser mayor de 18 a\u00f1os Tener estabilidad emocional y mostrar responsabilidad y compromiso Disponer del tiempo libre necesario para cumplir &hellip; <\/p>\n","protected":false},"author":1,"featured_media":0,"parent":0,"menu_order":0,"comment_status":"closed","ping_status":"closed","template":"","meta":{"spay_email":""},"_links":{"self":[{"href":"https:\/\/wordpress.algarabiacentrodedia.org.mx\/index.php\/wp-json\/wp\/v2\/pages\/135"}],"collection":[{"href":"https:\/\/wordpress.algarabiacentrodedia.org.mx\/index.php\/wp-json\/wp\/v2\/pages"}],"about":[{"href":"https:\/\/wordpress.algarabiacentrodedia.org.mx\/index.php\/wp-json\/wp\/v2\/types\/page"}],"author":[{"embeddable":true,"href":"https:\/\/wordpress.algarabiacentrodedia.org.mx\/index.php\/wp-json\/wp\/v2\/users\/1"}],"replies":[{"embeddable":true,"href":"https:\/\/wordpress.algarabiacentrodedia.org.mx\/index.php\/wp-json\/wp\/v2\/comments?post=135"}],"version-history":[{"count":3,"href":"https:\/\/wordpress.algarabiacentrodedia.org.mx\/index.php\/wp-json\/wp\/v2\/pages\/135\/revisions"}],"predecessor-version":[{"id":445,"href":"https:\/\/wordpress.algarabiacentrodedia.org.mx\/index.php\/wp-json\/wp\/v2\/pages\/135\/revisions\/445"}],"wp:attachment":[{"href":"https:\/\/wordpress.algarabiacentrodedia.org.mx\/index.php\/wp-json\/wp\/v2\/media?parent=135"}],"curies":[{"name":"wp","href":"https:\/\/api.w.org\/{rel}","templated":true}]}}