{"id":140,"date":"2021-01-01T17:28:00","date_gmt":"2021-01-01T23:28:00","guid":{"rendered":"http:\/\/wordpress.algarabiacentrodedia.org.mx\/?page_id=140"},"modified":"2021-03-31T20:44:39","modified_gmt":"2021-04-01T02:44:39","slug":"practicas-profesionales","status":"publish","type":"page","link":"https:\/\/wordpress.algarabiacentrodedia.org.mx\/index.php\/practicas-profesionales\/","title":{"rendered":"Pr\u00e1cticas Profesionales"},"content":{"rendered":"\n<p>Proceso en el que se lleva a cabo un proyecto en un ambiente laboral real a fin de desarrollar conocimientos y habilidades profesionales buscando la soluci\u00f3n de alg\u00fan problema de la comunidad.<\/p>\n\n\n\n<p>El proceso que se realiza es el planteamiento a las universidades de alguna situaci\u00f3n en la que la AC requiere apoyo: la instituci\u00f3n se encarga de abrir la convocatoria entre sus estudiantes para organizar el apoyo.<\/p>\n\n\n\n<p>Las universidades con las que se trabaja actualmente son:<\/p>\n\n\n\n<ul id=\"block-765b1d47-80fa-4300-b946-db885319f381\"><li>Universidad Virtual de la Universidad de Guadalajara<\/li><li>Universidad Panamericana<\/li><li>Universidad LAMAR<\/li><li>Universidad Marista de Guadalajara<\/li><li>Instituto Ateneo de Guadalajara<\/li><li>Preparatoria Enrique D\u00edaz de Le\u00f3n<\/li><li>UNIVA<\/li><li>CAAV<\/li><li>ITESO<\/li><\/ul>\n\n\n\n<p>Si est\u00e1s interesado en realizar tus pr\u00e1cticas profesionales en FYAPDI AC, tramita en tu universidad. Si aun no tenemos alianza con tu instituci\u00f3n, cont\u00e1ctanos&nbsp;y realizaremos los tr\u00e1mites para que puedas hacer tus pr\u00e1cticas con nosotros.<\/p>\n\n\n\n<div itemprop=\"location\" itemscope itemtype=\"http:\/\/schema.org\/Organization\" class=\"wp-block-jetpack-contact-info\"><\/div>\n\n\n<div class=\"wp-block-jetpack-contact-form\"><a href=\"https:\/\/wordpress.algarabiacentrodedia.org.mx\/index.php\/practicas-profesionales\/\" target=\"_blank\" rel=\"noopener noreferrer\">Env\u00eda un formulario.<\/a><\/div>\n\n\n<div class=\"wp-block-image\"><figure class=\"aligncenter size-large\"><img loading=\"lazy\" width=\"1000\" height=\"666\" src=\"https:\/\/wordpress.algarabiacentrodedia.org.mx\/wp-content\/uploads\/2021\/03\/MAZ16_1000-1.png\" alt=\"Acompa\u00f1amiento y apoyo en visita al Museo de Arte Zapopan como parte de nuestro Programa USO DE LA COMUNIDAD\" class=\"wp-image-453\" title=\"Con un sistema de apoyos adecuados, las Personas con discapacidad intelectual pueden disfrutar de los espacios p\u00fablicos y privados que son para TODOS\" srcset=\"https:\/\/wordpress.algarabiacentrodedia.org.mx\/wp-content\/uploads\/2021\/03\/MAZ16_1000-1.png 1000w, https:\/\/wordpress.algarabiacentrodedia.org.mx\/wp-content\/uploads\/2021\/03\/MAZ16_1000-1-300x200.png 300w, https:\/\/wordpress.algarabiacentrodedia.org.mx\/wp-content\/uploads\/2021\/03\/MAZ16_1000-1-768x511.png 768w\" sizes=\"(max-width: 1000px) 100vw, 1000px\" \/><figcaption>VISITA AL MUSEO DE ARTE ZAPOPAN 12 DE MARZO 2020<\/figcaption><\/figure><\/div>\n","protected":false},"excerpt":{"rendered":"<p>Proceso en el que se lleva a cabo un proyecto en un ambiente laboral real a fin de desarrollar conocimientos y habilidades profesionales buscando la soluci\u00f3n de alg\u00fan problema de la comunidad. El proceso que se realiza es el planteamiento a las universidades de alguna situaci\u00f3n en la que la AC requiere apoyo: la instituci\u00f3n se encarga de abrir la &hellip; <\/p>\n","protected":false},"author":1,"featured_media":0,"parent":0,"menu_order":0,"comment_status":"closed","ping_status":"closed","template":"","meta":{"spay_email":""},"_links":{"self":[{"href":"https:\/\/wordpress.algarabiacentrodedia.org.mx\/index.php\/wp-json\/wp\/v2\/pages\/140"}],"collection":[{"href":"https:\/\/wordpress.algarabiacentrodedia.org.mx\/index.php\/wp-json\/wp\/v2\/pages"}],"about":[{"href":"https:\/\/wordpress.algarabiacentrodedia.org.mx\/index.php\/wp-json\/wp\/v2\/types\/page"}],"author":[{"embeddable":true,"href":"https:\/\/wordpress.algarabiacentrodedia.org.mx\/index.php\/wp-json\/wp\/v2\/users\/1"}],"replies":[{"embeddable":true,"href":"https:\/\/wordpress.algarabiacentrodedia.org.mx\/index.php\/wp-json\/wp\/v2\/comments?post=140"}],"version-history":[{"count":7,"href":"https:\/\/wordpress.algarabiacentrodedia.org.mx\/index.php\/wp-json\/wp\/v2\/pages\/140\/revisions"}],"predecessor-version":[{"id":461,"href":"https:\/\/wordpress.algarabiacentrodedia.org.mx\/index.php\/wp-json\/wp\/v2\/pages\/140\/revisions\/461"}],"wp:attachment":[{"href":"https:\/\/wordpress.algarabiacentrodedia.org.mx\/index.php\/wp-json\/wp\/v2\/media?parent=140"}],"curies":[{"name":"wp","href":"https:\/\/api.w.org\/{rel}","templated":true}]}}