{"id":146,"date":"2021-01-01T17:35:19","date_gmt":"2021-01-01T23:35:19","guid":{"rendered":"http:\/\/wordpress.algarabiacentrodedia.org.mx\/?page_id=146"},"modified":"2021-01-28T20:51:40","modified_gmt":"2021-01-29T02:51:40","slug":"apadrina-a-un-joven","status":"publish","type":"page","link":"https:\/\/wordpress.algarabiacentrodedia.org.mx\/index.php\/apadrina-a-un-joven\/","title":{"rendered":"Apadrina a un Joven"},"content":{"rendered":"\n<p>\u00bfDeseas apoyar el desarrollo de uno de los j\u00f3venes o adultos con discapacidad intelectual que est\u00e1n en Algarab\u00eda Centro de d\u00eda? Haz clic en el nombre para ver su peque\u00f1a semblanza. Escribe a&nbsp; &nbsp;para compartirnos tu deseo de apadrinamiento y enviarte mayor informaci\u00f3n de cada chico.<\/p>\n\n\n\n<figure class=\"wp-block-pullquote\"><blockquote><p>UPS, ESTAMOS TRABAJANDO EN ESTA SECCI\u00d3N<\/p><cite>REGRESA PRONTO<\/cite><\/blockquote><\/figure>\n","protected":false},"excerpt":{"rendered":"<p>\u00bfDeseas apoyar el desarrollo de uno de los j\u00f3venes o adultos con discapacidad intelectual que est\u00e1n en Algarab\u00eda Centro de d\u00eda? Haz clic en el nombre para ver su peque\u00f1a semblanza. Escribe a&nbsp; &nbsp;para compartirnos tu deseo de apadrinamiento y enviarte mayor informaci\u00f3n de cada chico. UPS, ESTAMOS TRABAJANDO EN ESTA SECCI\u00d3N REGRESA PRONTO<\/p>\n","protected":false},"author":1,"featured_media":0,"parent":0,"menu_order":0,"comment_status":"closed","ping_status":"closed","template":"","meta":{"spay_email":""},"_links":{"self":[{"href":"https:\/\/wordpress.algarabiacentrodedia.org.mx\/index.php\/wp-json\/wp\/v2\/pages\/146"}],"collection":[{"href":"https:\/\/wordpress.algarabiacentrodedia.org.mx\/index.php\/wp-json\/wp\/v2\/pages"}],"about":[{"href":"https:\/\/wordpress.algarabiacentrodedia.org.mx\/index.php\/wp-json\/wp\/v2\/types\/page"}],"author":[{"embeddable":true,"href":"https:\/\/wordpress.algarabiacentrodedia.org.mx\/index.php\/wp-json\/wp\/v2\/users\/1"}],"replies":[{"embeddable":true,"href":"https:\/\/wordpress.algarabiacentrodedia.org.mx\/index.php\/wp-json\/wp\/v2\/comments?post=146"}],"version-history":[{"count":2,"href":"https:\/\/wordpress.algarabiacentrodedia.org.mx\/index.php\/wp-json\/wp\/v2\/pages\/146\/revisions"}],"predecessor-version":[{"id":426,"href":"https:\/\/wordpress.algarabiacentrodedia.org.mx\/index.php\/wp-json\/wp\/v2\/pages\/146\/revisions\/426"}],"wp:attachment":[{"href":"https:\/\/wordpress.algarabiacentrodedia.org.mx\/index.php\/wp-json\/wp\/v2\/media?parent=146"}],"curies":[{"name":"wp","href":"https:\/\/api.w.org\/{rel}","templated":true}]}}