{"id":214,"date":"2022-08-30T15:17:59","date_gmt":"2022-08-30T21:17:59","guid":{"rendered":"http:\/\/wordpress.algarabiacentrodedia.org.mx\/?page_id=214"},"modified":"2024-06-26T12:54:33","modified_gmt":"2024-06-26T18:54:33","slug":"transparencia","status":"publish","type":"page","link":"https:\/\/wordpress.algarabiacentrodedia.org.mx\/index.php\/transparencia\/","title":{"rendered":"Transparencia"},"content":{"rendered":"\n<p>En FYAPDI AC siempre nos hemos preocupado porque nuestros amigos, aliados, donantes y benefactores se sientan seguros y con la plena confianza de que sus aportaciones y recursos son utilizados de manera congruente y dirigida a la operaci\u00f3n y aplicaci\u00f3n de nuestros programas en beneficio de los j\u00f3venes y adultos con discapacidad intelectual y de sus familias. <\/p>\n\n\n\n<p>Por tal motivo cada a\u00f1o realizamos todo el proceso necesario de auditoria que ponga en evidencia hacia donde se destinan y como son utilizados los recursos. <\/p>\n\n\n\n<div class=\"wp-container-2 wp-block-columns\">\n<div class=\"wp-container-1 wp-block-column\" style=\"flex-basis:100%\">\n<div class=\"wp-block-file\"><object class=\"wp-block-file__embed\" data=\"https:\/\/wordpress.algarabiacentrodedia.org.mx\/wp-content\/uploads\/2024\/06\/INFORME23_WEB.pdf\" type=\"application\/pdf\" style=\"width:100%;height:600px\" aria-label=\"Incrustado de INFORME23_WEB.\"><\/object><a id=\"wp-block-file--media-946b2be9-ed9e-4f1f-938f-366e56bf20b6\" href=\"https:\/\/wordpress.algarabiacentrodedia.org.mx\/wp-content\/uploads\/2024\/06\/INFORME23_WEB.pdf\">INFORME23_WEB<\/a><a href=\"https:\/\/wordpress.algarabiacentrodedia.org.mx\/wp-content\/uploads\/2024\/06\/INFORME23_WEB.pdf\" class=\"wp-block-file__button\" download aria-describedby=\"wp-block-file--media-946b2be9-ed9e-4f1f-938f-366e56bf20b6\">Descarga<\/a><\/div>\n\n\n<div class=\" wp-block-archives-list wp-block-archives\">No hay archivos que mostrar.<\/div><\/div>\n<\/div>\n\n\n\n<div class=\"wp-block-file\"><object class=\"wp-block-file__embed\" data=\"https:\/\/wordpress.algarabiacentrodedia.org.mx\/wp-content\/uploads\/2024\/06\/INFORME_2022.pdf\" type=\"application\/pdf\" style=\"width:100%;height:600px\" aria-label=\"Incrustado de INFORME_2022.\"><\/object><a id=\"wp-block-file--media-99268597-c3d8-4076-b887-48dd68b78f7c\" href=\"https:\/\/wordpress.algarabiacentrodedia.org.mx\/wp-content\/uploads\/2024\/06\/INFORME_2022.pdf\">INFORME_2022<\/a><a href=\"https:\/\/wordpress.algarabiacentrodedia.org.mx\/wp-content\/uploads\/2024\/06\/INFORME_2022.pdf\" class=\"wp-block-file__button\" download aria-describedby=\"wp-block-file--media-99268597-c3d8-4076-b887-48dd68b78f7c\">Descarga<\/a><\/div>\n","protected":false},"excerpt":{"rendered":"<p>En FYAPDI AC siempre nos hemos preocupado porque nuestros amigos, aliados, donantes y benefactores se sientan seguros y con la plena confianza de que sus aportaciones y recursos son utilizados de manera congruente y dirigida a la operaci\u00f3n y aplicaci\u00f3n de nuestros programas en beneficio de los j\u00f3venes y adultos con discapacidad intelectual y de sus familias. Por tal motivo &hellip; <\/p>\n","protected":false},"author":1,"featured_media":0,"parent":0,"menu_order":0,"comment_status":"closed","ping_status":"closed","template":"","meta":{"spay_email":""},"_links":{"self":[{"href":"https:\/\/wordpress.algarabiacentrodedia.org.mx\/index.php\/wp-json\/wp\/v2\/pages\/214"}],"collection":[{"href":"https:\/\/wordpress.algarabiacentrodedia.org.mx\/index.php\/wp-json\/wp\/v2\/pages"}],"about":[{"href":"https:\/\/wordpress.algarabiacentrodedia.org.mx\/index.php\/wp-json\/wp\/v2\/types\/page"}],"author":[{"embeddable":true,"href":"https:\/\/wordpress.algarabiacentrodedia.org.mx\/index.php\/wp-json\/wp\/v2\/users\/1"}],"replies":[{"embeddable":true,"href":"https:\/\/wordpress.algarabiacentrodedia.org.mx\/index.php\/wp-json\/wp\/v2\/comments?post=214"}],"version-history":[{"count":7,"href":"https:\/\/wordpress.algarabiacentrodedia.org.mx\/index.php\/wp-json\/wp\/v2\/pages\/214\/revisions"}],"predecessor-version":[{"id":650,"href":"https:\/\/wordpress.algarabiacentrodedia.org.mx\/index.php\/wp-json\/wp\/v2\/pages\/214\/revisions\/650"}],"wp:attachment":[{"href":"https:\/\/wordpress.algarabiacentrodedia.org.mx\/index.php\/wp-json\/wp\/v2\/media?parent=214"}],"curies":[{"name":"wp","href":"https:\/\/api.w.org\/{rel}","templated":true}]}}