{"id":280,"date":"2021-01-27T17:27:28","date_gmt":"2021-01-27T23:27:28","guid":{"rendered":"http:\/\/wordpress.algarabiacentrodedia.org.mx\/?page_id=280"},"modified":"2021-01-28T19:14:06","modified_gmt":"2021-01-29T01:14:06","slug":"carlos-lopez","status":"publish","type":"page","link":"https:\/\/wordpress.algarabiacentrodedia.org.mx\/index.php\/carlos-lopez\/","title":{"rendered":"Carlos L\u00f3pez"},"content":{"rendered":"\n<figure class=\"wp-container-2 wp-block-gallery-1 wp-block-gallery aligncenter columns-2 is-cropped\"><ul class=\"blocks-gallery-grid\"><li class=\"blocks-gallery-item\"><figure><img loading=\"lazy\" width=\"640\" height=\"636\" src=\"https:\/\/wordpress.algarabiacentrodedia.org.mx\/wp-content\/uploads\/2021\/01\/Charly.png\" alt=\"\" data-id=\"281\" data-full-url=\"https:\/\/wordpress.algarabiacentrodedia.org.mx\/wp-content\/uploads\/2021\/01\/Charly.png\" data-link=\"https:\/\/wordpress.algarabiacentrodedia.org.mx\/?attachment_id=281\" class=\"wp-image-281\" srcset=\"https:\/\/wordpress.algarabiacentrodedia.org.mx\/wp-content\/uploads\/2021\/01\/Charly.png 640w, https:\/\/wordpress.algarabiacentrodedia.org.mx\/wp-content\/uploads\/2021\/01\/Charly-300x298.png 300w, https:\/\/wordpress.algarabiacentrodedia.org.mx\/wp-content\/uploads\/2021\/01\/Charly-150x150.png 150w, https:\/\/wordpress.algarabiacentrodedia.org.mx\/wp-content\/uploads\/2021\/01\/Charly-75x75.png 75w\" sizes=\"(max-width: 640px) 100vw, 640px\" \/><\/figure><\/li><li class=\"blocks-gallery-item\"><figure><img loading=\"lazy\" width=\"334\" height=\"341\" src=\"https:\/\/wordpress.algarabiacentrodedia.org.mx\/wp-content\/uploads\/2021\/01\/algarabia-5.png\" alt=\"\" data-id=\"282\" data-full-url=\"https:\/\/wordpress.algarabiacentrodedia.org.mx\/wp-content\/uploads\/2021\/01\/algarabia-5.png\" data-link=\"https:\/\/wordpress.algarabiacentrodedia.org.mx\/?attachment_id=282\" class=\"wp-image-282\" srcset=\"https:\/\/wordpress.algarabiacentrodedia.org.mx\/wp-content\/uploads\/2021\/01\/algarabia-5.png 334w, https:\/\/wordpress.algarabiacentrodedia.org.mx\/wp-content\/uploads\/2021\/01\/algarabia-5-294x300.png 294w\" sizes=\"(max-width: 334px) 100vw, 334px\" \/><\/figure><\/li><\/ul><\/figure>\n\n\n\n<p>Me llamo Carlos Alberto L\u00f3pez Cort\u00e9s, soy de Guadalajara y tengo 28 a\u00f1os, me pueden decir Carlos o Charly, en Algarab\u00eda mi trabajo es apoyar a los chicos con la terapia f\u00edsica, doy el taller de activaci\u00f3n f\u00edsica, participo de las actividades de inclusi\u00f3n dentro y fuera de Algarab\u00eda y tambi\u00e9n apoyo el proyecto productivo de Jaboner\u00eda Artesanal PANDO en beneficio de la inclusi\u00f3n laboral de Personas con discapacidad.<\/p>\n\n\n\n<p>Desde que me encontraba estudiando en la universidad quise trabajar con pacientes neurol\u00f3gicos, y alguien me comparti\u00f3 de este lugar en el que me present\u00e9 y  me qued\u00e9 trabajando, principalmente porque me gusta mucho el proyecto y las actividades que se desarrollan dentro de la Asociaci\u00f3n y tambi\u00e9n, porque me parece que formamos un buen equipo de trabajo. Disfruto mucho el ser parte del equipo colaborativo de Algarab\u00eda. <\/p>\n\n\n\n<p>Creo que la mejor ense\u00f1anza que me han dejado los j\u00f3venes y adultos con discapacidad intelectual es que: <\/p>\n\n\n\n<blockquote class=\"wp-block-quote\"><p>&#8220;Siempre hay algo nuevo por aprender&#8221;<\/p><cite>Charly<\/cite><\/blockquote>\n\n\n\n<p>Creo que la mejor manera de interactuar con ellos es simplemente tratando a todas las personas como me gustar\u00eda que me tratasen, con respeto y dignidad. <\/p>\n","protected":false},"excerpt":{"rendered":"<p>Me llamo Carlos Alberto L\u00f3pez Cort\u00e9s, soy de Guadalajara y tengo 28 a\u00f1os, me pueden decir Carlos o Charly, en Algarab\u00eda mi trabajo es apoyar a los chicos con la terapia f\u00edsica, doy el taller de activaci\u00f3n f\u00edsica, participo de las actividades de inclusi\u00f3n dentro y fuera de Algarab\u00eda y tambi\u00e9n apoyo el proyecto productivo de Jaboner\u00eda Artesanal PANDO en &hellip; <\/p>\n","protected":false},"author":1,"featured_media":0,"parent":0,"menu_order":0,"comment_status":"closed","ping_status":"closed","template":"","meta":{"spay_email":""},"_links":{"self":[{"href":"https:\/\/wordpress.algarabiacentrodedia.org.mx\/index.php\/wp-json\/wp\/v2\/pages\/280"}],"collection":[{"href":"https:\/\/wordpress.algarabiacentrodedia.org.mx\/index.php\/wp-json\/wp\/v2\/pages"}],"about":[{"href":"https:\/\/wordpress.algarabiacentrodedia.org.mx\/index.php\/wp-json\/wp\/v2\/types\/page"}],"author":[{"embeddable":true,"href":"https:\/\/wordpress.algarabiacentrodedia.org.mx\/index.php\/wp-json\/wp\/v2\/users\/1"}],"replies":[{"embeddable":true,"href":"https:\/\/wordpress.algarabiacentrodedia.org.mx\/index.php\/wp-json\/wp\/v2\/comments?post=280"}],"version-history":[{"count":3,"href":"https:\/\/wordpress.algarabiacentrodedia.org.mx\/index.php\/wp-json\/wp\/v2\/pages\/280\/revisions"}],"predecessor-version":[{"id":317,"href":"https:\/\/wordpress.algarabiacentrodedia.org.mx\/index.php\/wp-json\/wp\/v2\/pages\/280\/revisions\/317"}],"wp:attachment":[{"href":"https:\/\/wordpress.algarabiacentrodedia.org.mx\/index.php\/wp-json\/wp\/v2\/media?parent=280"}],"curies":[{"name":"wp","href":"https:\/\/api.w.org\/{rel}","templated":true}]}}