{"id":297,"date":"2021-01-27T19:41:55","date_gmt":"2021-01-28T01:41:55","guid":{"rendered":"http:\/\/wordpress.algarabiacentrodedia.org.mx\/?page_id=297"},"modified":"2021-10-11T11:26:35","modified_gmt":"2021-10-11T17:26:35","slug":"daniela-garcia","status":"publish","type":"page","link":"https:\/\/wordpress.algarabiacentrodedia.org.mx\/index.php\/daniela-garcia\/","title":{"rendered":"Daniela Garc\u00eda"},"content":{"rendered":"\n<figure class=\"wp-container-2 wp-block-gallery-1 wp-block-gallery aligncenter columns-2 is-cropped\"><ul class=\"blocks-gallery-grid\"><li class=\"blocks-gallery-item\"><figure><img loading=\"lazy\" width=\"1024\" height=\"1024\" src=\"https:\/\/wordpress.algarabiacentrodedia.org.mx\/wp-content\/uploads\/2021\/10\/Daniela-Madai-1024x1024.png\" alt=\"\" data-id=\"491\" data-full-url=\"https:\/\/wordpress.algarabiacentrodedia.org.mx\/wp-content\/uploads\/2021\/10\/Daniela-Madai.png\" data-link=\"https:\/\/wordpress.algarabiacentrodedia.org.mx\/index.php\/daniela-garcia\/daniela-madai\/\" class=\"wp-image-491\" srcset=\"https:\/\/wordpress.algarabiacentrodedia.org.mx\/wp-content\/uploads\/2021\/10\/Daniela-Madai-1024x1024.png 1024w, https:\/\/wordpress.algarabiacentrodedia.org.mx\/wp-content\/uploads\/2021\/10\/Daniela-Madai-300x300.png 300w, https:\/\/wordpress.algarabiacentrodedia.org.mx\/wp-content\/uploads\/2021\/10\/Daniela-Madai-150x150.png 150w, https:\/\/wordpress.algarabiacentrodedia.org.mx\/wp-content\/uploads\/2021\/10\/Daniela-Madai-768x768.png 768w, https:\/\/wordpress.algarabiacentrodedia.org.mx\/wp-content\/uploads\/2021\/10\/Daniela-Madai-275x275.png 275w, https:\/\/wordpress.algarabiacentrodedia.org.mx\/wp-content\/uploads\/2021\/10\/Daniela-Madai-75x75.png 75w, https:\/\/wordpress.algarabiacentrodedia.org.mx\/wp-content\/uploads\/2021\/10\/Daniela-Madai.png 1080w\" sizes=\"(max-width: 1024px) 100vw, 1024px\" \/><\/figure><\/li><li class=\"blocks-gallery-item\"><figure><img loading=\"lazy\" width=\"334\" height=\"341\" src=\"https:\/\/wordpress.algarabiacentrodedia.org.mx\/wp-content\/uploads\/2021\/01\/algarabia-10.png\" alt=\"\" data-id=\"302\" data-full-url=\"https:\/\/wordpress.algarabiacentrodedia.org.mx\/wp-content\/uploads\/2021\/01\/algarabia-10.png\" data-link=\"https:\/\/wordpress.algarabiacentrodedia.org.mx\/?attachment_id=302\" class=\"wp-image-302\" srcset=\"https:\/\/wordpress.algarabiacentrodedia.org.mx\/wp-content\/uploads\/2021\/01\/algarabia-10.png 334w, https:\/\/wordpress.algarabiacentrodedia.org.mx\/wp-content\/uploads\/2021\/01\/algarabia-10-294x300.png 294w\" sizes=\"(max-width: 334px) 100vw, 334px\" \/><\/figure><\/li><\/ul><\/figure>\n\n\n\n<p>Mi nombre es Daniela Mada\u00ed Garc\u00eda Camacho, pueden decirme Danny, Nanny o Sunchine, tengo 25 a\u00f1os y nac\u00ed en Tlaltenango, Zacatecas; estoy colaborando en Algarab\u00eda desde hace ya 3 a\u00f1os, inici\u00e9 como voluntaria en apoyo de las actividades del Centro de d\u00eda, despu\u00e9s me qued\u00e9 como  Docente Tallerista de Habilidades Sociales, Manualidades y Cocina, actualmente soy Coordinadora Acad\u00e9mica,  trabajo con los chicos y nos damos la oportunidad de aprender, divertirnos y conocernos m\u00e1s, adem\u00e1s de otras diversas actividades, que dependen mucho del c\u00f3mo se desarrolla el d\u00eda a d\u00eda.<\/p>\n\n\n\n<p>Desde m\u00e1s joven tuve la inquietud de querer aprender a darle un trato respetuoso a las Personas con discapacidad intelectual, aprender sobre c\u00f3mo comunicarme con ellas para poder brindarles una terapia f\u00edsica efectiva. Por medio de una amiga me invitaron a asistir como voluntaria a Algarab\u00eda y durante dos meses particip\u00e9 en esta modalidad, hasta que tuve la oportunidad de ser parte del equipo colaborativo de docentes talleristas. <\/p>\n\n\n\n<p>Al comienzo me represent\u00f3 un reto personal, pero despu\u00e9s, conociendo la personalidad de cada chico, viendo sus logros y que sus metas empezaban a cumplirse y la necesidad de avanzar, entend\u00ed que yo quer\u00eda ser parte de ese proceso, acompa\u00f1ar a cada chico, conocerlo y disfrutar con ellos el d\u00eda a d\u00eda. <\/p>\n\n\n\n<p>La gran ense\u00f1anza que me han dado es: <\/p>\n\n\n\n<blockquote class=\"wp-block-quote\"><p>&#8220;Diversidad como unidad, Todos somos diferentes, \u00fanicos;  y eso es lo que nos debe hacer parte del algo (Sociedad)&#8221;<\/p><cite>Danny<\/cite><\/blockquote>\n\n\n\n<p>Cuando tengas la gran oportunidad de conocer y convivir con una Persona con discapacidad intelectual: Piensa que vas a conocer a alguien desde su PERSONA no su discapacidad. Como cualquier otro tiene gustos, habilidades y capacidades, perm\u00edtele mostr\u00e1rtelas y t\u00fa muestra las tuyas tambi\u00e9n, acepta tus errores al brindarle apoyo, no te sientas mal, todos nos equivocamos, y eso tambi\u00e9n nos hace conocernos m\u00e1s y de involucrarnos con la causa. <\/p>\n","protected":false},"excerpt":{"rendered":"<p>Mi nombre es Daniela Mada\u00ed Garc\u00eda Camacho, pueden decirme Danny, Nanny o Sunchine, tengo 25 a\u00f1os y nac\u00ed en Tlaltenango, Zacatecas; estoy colaborando en Algarab\u00eda desde hace ya 3 a\u00f1os, inici\u00e9 como voluntaria en apoyo de las actividades del Centro de d\u00eda, despu\u00e9s me qued\u00e9 como Docente Tallerista de Habilidades Sociales, Manualidades y Cocina, actualmente soy Coordinadora Acad\u00e9mica, trabajo con &hellip; <\/p>\n","protected":false},"author":1,"featured_media":0,"parent":0,"menu_order":0,"comment_status":"closed","ping_status":"closed","template":"","meta":{"spay_email":""},"_links":{"self":[{"href":"https:\/\/wordpress.algarabiacentrodedia.org.mx\/index.php\/wp-json\/wp\/v2\/pages\/297"}],"collection":[{"href":"https:\/\/wordpress.algarabiacentrodedia.org.mx\/index.php\/wp-json\/wp\/v2\/pages"}],"about":[{"href":"https:\/\/wordpress.algarabiacentrodedia.org.mx\/index.php\/wp-json\/wp\/v2\/types\/page"}],"author":[{"embeddable":true,"href":"https:\/\/wordpress.algarabiacentrodedia.org.mx\/index.php\/wp-json\/wp\/v2\/users\/1"}],"replies":[{"embeddable":true,"href":"https:\/\/wordpress.algarabiacentrodedia.org.mx\/index.php\/wp-json\/wp\/v2\/comments?post=297"}],"version-history":[{"count":5,"href":"https:\/\/wordpress.algarabiacentrodedia.org.mx\/index.php\/wp-json\/wp\/v2\/pages\/297\/revisions"}],"predecessor-version":[{"id":493,"href":"https:\/\/wordpress.algarabiacentrodedia.org.mx\/index.php\/wp-json\/wp\/v2\/pages\/297\/revisions\/493"}],"wp:attachment":[{"href":"https:\/\/wordpress.algarabiacentrodedia.org.mx\/index.php\/wp-json\/wp\/v2\/media?parent=297"}],"curies":[{"name":"wp","href":"https:\/\/api.w.org\/{rel}","templated":true}]}}