{"id":3,"date":"2020-07-14T18:03:30","date_gmt":"2020-07-15T00:03:30","guid":{"rendered":"http:\/\/wordpress.algarabiacentrodedia.org.mx\/?page_id=3"},"modified":"2021-01-02T18:41:47","modified_gmt":"2021-01-03T00:41:47","slug":"privacy-policy","status":"publish","type":"page","link":"https:\/\/wordpress.algarabiacentrodedia.org.mx\/index.php\/privacy-policy\/","title":{"rendered":"Aviso de Privacidad"},"content":{"rendered":"\n<p><strong><span style=\"color:#9ccb3b\" class=\"has-inline-color\">FYAPDI <\/span><\/strong>Asociaci\u00f3n Civil.<\/p>\n\n\n\n<p><span style=\"color:#21409a\" class=\"has-inline-color\"><strong>ALGARAB\u00cdA<\/strong> <\/span>Centro de D\u00eda<\/p>\n\n\n\n<p>(Dirigido a todos los candidatos a usuarios, los usuarios, los padres de familia de los usuarios y tutores de los usuarios, personal laboral de <strong>FYAPDI, A.C.<\/strong>, de tiempo indefinido, de tiempo definido y profesionales, voluntarios, practicantes de servicio social, instituciones de educaci\u00f3n superior, donantes activos de <strong>FYAPDI A.C.<\/strong>, amigos de <strong>FYAPDI A.C.<\/strong>, y proveedores).<\/p>\n\n\n\n<p>La asociaci\u00f3n civil <strong>FYAPDI<\/strong>, por conducto del personal autorizado del Centro de D\u00eda, denominado <strong>\u201cALGARAB\u00cdA\u201d<\/strong> dependiente de la asociaci\u00f3n civil mencionada, recab\u00f3 los datos personales y personales sensibles de las personas que se indican a continuaci\u00f3n.<\/p>\n\n\n\n<p>De acuerdo con la ley federal en vigor sobre la materia, <strong>FYAPDI, A.C.<\/strong> resguardar\u00e1 la privacidad de los datos personales recabados, para su guarda, custodia y gesti\u00f3n en archivos f\u00edsicos, electr\u00f3nicos y bases de datos propios de la asociaci\u00f3n y durante el tiempo que sea necesario para ejercer los derechos y cumplir los deberes legales, derivados de la prestaci\u00f3n y gesti\u00f3n de los servicios de d\u00eda por conducto del personal de <strong>FYAPDI AC<\/strong> y de <strong>ALGARAB\u00cdA CENTRO DE D\u00cdA,<\/strong> ubicado en la calle Virgen No. 3462 Colonia La Calma en el municipio de Zapopan, Jalisco.<\/p>\n\n\n\n<p>Las finalidades concretas para el uso y tratamiento de los datos personales y personales sensibles, se especifican a continuaci\u00f3n, seg\u00fan el papel o relaci\u00f3n que cada persona, que proporcion\u00f3 sus datos personales, tenga con <strong>FYAPDI A.C.<\/strong> y su centro dependiente <strong>Algarab\u00eda Centro de D\u00eda.<\/strong><\/p>\n\n\n\n<p>A continuaci\u00f3n, los papeles o clase de relaciones que pueden guardar las personas con <strong>FYAPDI, A.C. <\/strong>y<strong> Algarab\u00eda Centro de D\u00eda.<\/strong><\/p>\n\n\n\n<p><strong>1.- CANDIDATOS A USUARIOS DE LOS SERVICIOS DE ALGARAB\u00cdA, CENTRO DE D\u00cdA, DEPENDIENTE DE FYAPDI, A.C. <\/strong>La asociaci\u00f3n civil <strong>FYAPDI AC,<\/strong> por conducto de su personal autorizado, recab\u00f3 y, en su caso, recabar\u00e1 los siguientes datos personales y personales sensibles, como candidato a usuario del Centro de D\u00eda o para recibir alg\u00fan otro servicio: nombre completo, domicilio, tel\u00e9fonos, tipo de discapacidad intelectual y otras discapacidades, en su caso, tipo de sangre, enfermedades, alergias, medicamentos indicados por profesionales de la salud. Asimismo, nombres completos de sus padres, tutores o responsables de su guarda y cuidado personal; domicilios, n\u00fameros telef\u00f3nicos, fijo y celulares y correos electr\u00f3nicos; datos laborales o profesionales, domicilios del centro de trabajo en donde laboran, tel\u00e9fonos y correos electr\u00f3nicos laborales.<\/p>\n\n\n\n<p><strong>FYAPDI A.C.<\/strong>, y sus dependencias podr\u00e1n usar y dar tratamiento a los datos personales y personales sensibles recabados, con la finalidad de identificarlos como candidatos a usuarios, identificar a sus padres, tutores u otros responsables de su guarda y custodia, estudiar y analizar su solicitud de ingreso a <strong>Algarab\u00eda Centro de D\u00eda<\/strong>, decidir la posibilidad de prestarle todos o alguno de los servicios que presta; intercambiar informaci\u00f3n con otras asociaciones civiles, sociedades civiles, empresas con responsabilidad social y dependencias gubernamentales de los tres niveles de gobierno, nacionales o internacionales, que promuevan, apoyen o propaguen actividades y servicios asistenciales o filantr\u00f3picos en favor de las personas con discapacidad intelectual o de otro tipo de discapacidad.<\/p>\n\n\n\n<p><strong>FYPADI A.C.,<\/strong> retendr\u00e1 y tratar\u00e1 los datos personales mencionados hasta la fecha en que concluyan los tr\u00e1mites como candidatos a usuarios de <strong>Algarab\u00eda Centro de D\u00eda<\/strong>. Si no se admitieron como usuarios, los datos personales de dichas personas y sus padres o tutores, se cancelar\u00e1n. Si se admitieron a los candidatos, los datos personales suyos y los de sus padres o tutores, se tratar\u00e1n como los de los usuarios, hasta que ellos lo determinen.<\/p>\n\n\n\n<p><strong>2.- USUARIOS DE LOS SERVICIOS DE ALGARAB\u00cdA CENTRO DE D\u00cdA, DEPENDIENTE DE FYAPDI A.C., y PADRES, y TUTORES. <\/strong>La asociaci\u00f3n civil <strong>FYAPDI AC<\/strong> por conducto de su personal autorizado, recab\u00f3 y, en su caso, recabar\u00e1 los siguientes datos personales y personales sensibles que se requieren como usuarios y receptores de los servicios del Centro de D\u00eda denominado <strong>ALGARAB\u00cdA<\/strong>: nombre completo del usuario, domicilio, tel\u00e9fonos, tipo de discapacidad intelectual y otras discapacidades, en su caso, tipo de sangre, enfermedades, alergias, medicamentos indicados por profesionales de la salud. Asimismo, nombres completos de sus padres, tutores o responsables de su guarda y cuidado personal; domicilios, n\u00fameros telef\u00f3nicos, fijo y celulares y correos electr\u00f3nicos; datos laborales o profesionales, domicilios del centro de trabajo en donde laboran, tel\u00e9fonos y correos electr\u00f3nicos laborales. En esa fecha, previa solicitud de los interesados, se cancelar\u00e1n los datos personales y personales sensibles.<\/p>\n\n\n\n<p>Todo lo anterior como requisitos para recibir de <strong>Algarab\u00eda Centro de D\u00eda<\/strong> todos o alguno de los servicios que brinda la Asociaci\u00f3n Civil.<\/p>\n\n\n\n<p><strong>FYAPDI A.C.,<\/strong> y sus dependencias podr\u00e1n usar y dar tratamiento a los datos personales y personales sensibles recabados, para identificarlos como usuarios, identificar a sus padres, tutores u otros responsables de su guarda y custodia, intercambiar informaci\u00f3n con otras asociaciones civiles, sociedades civiles, empresas con responsabilidad social, empresas de transporte p\u00fablico y dependencias gubernamentales de los tres niveles de gobierno, nacionales o internacionales, que hagan encuestas, estad\u00edsticas y promuevan, apoyen o propaguen actividades y servicios asistenciales o filantr\u00f3picos en favor de las personas con discapacidad intelectual o de otro tipo de discapacidad.<\/p>\n\n\n\n<p><strong>FYPADI A.C.<\/strong>, retendr\u00e1 y tratar\u00e1 los datos personales de los usuarios, sus padres o tutores, hasta la fecha en que ellos lo determinen. En esa fecha, previa solicitud de los interesados, se cancelar\u00e1n los datos personales y personales sensibles.<\/p>\n\n\n\n<p><strong>3.- PERSONAL DE FYAPDI, AC:<\/strong>La asociaci\u00f3n civil <strong>FYAPDI AC<\/strong>, por conducto de su personal autorizado, recab\u00f3 y, en su caso, recabar\u00e1 los siguientes datos personales y personales sensibles del personal laboral que presta sus servicios mediante contrato individual de trabajo, por tiempo indefinido o definido; o por servicios profesionales, que se requieran: nombre completo, domicilio, fecha de nacimiento, tel\u00e9fono, correo electr\u00f3nico, enfermedades, tipo de sangre, licencia de conducir (en caso de tenerla) clave del INE, n\u00famero de seguridad social, clave del Registro Federal del Contribuyente, n\u00famero de cuenta para dep\u00f3sitos bancarios de n\u00f3mina. En su caso, nombre de la esposa o concubina, nombres, edades y niveles escolares de sus hijos. &nbsp;<\/p>\n\n\n\n<p><strong>FYAPDI A.C.<\/strong>, y sus dependencias podr\u00e1n usar y dar tratamiento a los datos personales y personales sensibles recabados, para los fines de identificaci\u00f3n y contrataci\u00f3n de los servicios profesionales o laborales, la administraci\u00f3n de dichos contratos, honorarios, salarios y pensiones; as\u00ed como, para la gesti\u00f3n de la organizaci\u00f3n del trabajo, capacitaci\u00f3n laboral, seguridad social y provisi\u00f3n de prestaciones sociales laborales, informaci\u00f3n fiscal y para seguridad interna. Para realizar reclutamiento y selecci\u00f3n de personal;&nbsp;para realizar estudios y encuestas sobre empleo, ocupaci\u00f3n, o laborales. Intercambiar informaci\u00f3n con otras asociaciones civiles, sociedades civiles, empresas con responsabilidad social, empresas de transporte p\u00fablico nacionales o internacionales, que promuevan, apoyen o propaguen actividades y servicios asistenciales o filantr\u00f3picos en favor de las personas con discapacidad intelectual o de otro tipo de discapacidades.<\/p>\n\n\n\n<p><strong>FYPADI A.C<\/strong>., retendr\u00e1 y tratar\u00e1 los datos personales del personal de la asociaci\u00f3n civil, hasta la fecha en que se terminen las relaciones laborales. En esa fecha, previa solicitud de los interesados, se cancelar\u00e1n los datos personales y personales sensibles, excepto los necesarios para tr\u00e1mites legales e informes fiscales, de seguridad social y de ahorro para vivienda y el retiro.<\/p>\n\n\n\n<p><strong>4.- PRACTICANTES DEL SERVICIO SOCIAL UNIVERSITARIO.<\/strong> La asociaci\u00f3n civil <strong>FYAPDI AC<\/strong>, por conducto de su personal autorizado, recab\u00f3 y, en su caso, recabar\u00e1 los siguientes datos personales y personales sensibles que se requieren para gestionar el registro y la operaci\u00f3n del servicio social que prestan en <strong>Algarab\u00eda Centro de D\u00eda<\/strong>, los alumnos de las diversas Instituciones de Educaci\u00f3n Superior, con las que <strong>FYAPDI A.C.<\/strong>, tenga convenio: nombre completo, universidad, carrera, semestre, domicilio, tel\u00e9fonos, correo electr\u00f3nico y fecha de nacimiento.<\/p>\n\n\n\n<p><strong>FYAPDI A.C.<\/strong>, y sus dependencias podr\u00e1n usar y dar tratamiento a los datos personales y personales sensibles recabados, para los fines de identificaci\u00f3n de los alumnos de las Instituciones de Educaci\u00f3n Superior, que prestan servicio social en <strong>Algarab\u00eda Centro de D\u00eda<\/strong>, para la operaci\u00f3n del servicio social, para realizar estudios y encuestas sobre servicio social, intercambiar informaci\u00f3n con otras universidades, asociaciones civiles, sociedades civiles, empresas con responsabilidad social, nacionales o internacionales, que promuevan, apoyen o propaguen actividades y servicios asistenciales o filantr\u00f3picos en favor de las personas con discapacidad intelectual o de otro tipo de discapacidades.<\/p>\n\n\n\n<p><strong>FYPADI A.C<\/strong>., retendr\u00e1 y tratar\u00e1 los datos personales de los alumnos del servicio social, hasta la fecha en que concluya el servicio social de cada alumno y la Instituci\u00f3n de Educaci\u00f3n Superior, avise a <strong>FYADPI, A.C.,<\/strong> de los resultados escolares de ellos. En esa fecha, previa solicitud de los interesados, se cancelar\u00e1n los datos personales y personales sensibles.<\/p>\n\n\n\n<p><strong>5.- DONANTES, VOLUNTARIOS Y AMIGOS DE ALGARAB\u00cdA. <\/strong>La asociaci\u00f3n civil<strong> FYAPDI AC<\/strong> por conducto de su personal autorizado, recab\u00f3 y, en su caso, recabar\u00e1 los siguientes datos personales y personales sensibles que correspondan de sus <strong>DONANTES<\/strong>, sus <strong>VOLUNTARIOS<\/strong> y de sus <strong>AMIGOS DE ALGARAB\u00cdA<\/strong>: nombre, tel\u00e9fono fijo, tel\u00e9fono m\u00f3vil, domicilio, correo electr\u00f3nico, profesi\u00f3n, nombre de conyugue o familiares,&nbsp; oficio, clave del Registro Federal de Contribuyentes, nombre de su empresa, fecha de nacimiento.<\/p>\n\n\n\n<p><strong>FYAPDI, A.C.<\/strong>, y sus dependencias podr\u00e1n usar y dar tratamiento a los datos personales y personales sensibles recabados, para los fines de identificaci\u00f3n, contacto, de seguimientos, atenci\u00f3n y tr\u00e1mites fiscales con los <strong>DONANTES<\/strong>; para los fines de identificaci\u00f3n, solicitud de apoyo y contacto para que los <strong>VOLUNTARIOS<\/strong> accedan con facilidad a realizar sus servicios humanitarios en favor de los usuarios de Algarab\u00eda Centro de D\u00eda y con el fin de mantener, informar sobre actividades, contactar y acrecentar la promoci\u00f3n del apoyo a las personas con discapacidad intelectual, con quienes han mostrado su intenci\u00f3n de mantenerse como <strong>AMIGOS DE FYAPDI AC <\/strong>pero que a\u00fan no son ni donantes, ni voluntarios.<\/p>\n\n\n\n<p><strong>6.- OTRAS FINALIDADES PARA TODOS:<\/strong><\/p>\n\n\n\n<p>Adem\u00e1s de las finalidades espec\u00edficas se\u00f1aladas para cada uno de los grupos de personas con diferentes roles mencionados, <strong>FYAPDI A.C. <\/strong>podr\u00e1 tratar los datos personales y personales sensibles proporcionados, para dar a conocer conferencias, eventos culturales, distribuir y difundir publicaciones informativas, promocionales o publicidad, impresas y electr\u00f3nicas. Asimismo, los podr\u00e1 usar para otros prop\u00f3sitos institucionales compatibles con el objeto social de la asociaci\u00f3n civil.&nbsp;&nbsp;&nbsp;&nbsp;&nbsp;&nbsp;<\/p>\n\n\n\n<p><strong>EJERCICIO DE LOS DERECHOS ARCO:<\/strong><\/p>\n\n\n\n<p>Dichos derechos, en referencia a los datos personales y personales sensibles, son los siguientes: Acceso, Rectificaci\u00f3n, Cancelaci\u00f3n y Oposici\u00f3n (ARCO, por las iniciales). <strong>FYAPDI A. C.<\/strong> informa a las personas cuyos datos proporcionaron que tienen los derechos de acceso, rectificaci\u00f3n, cancelaci\u00f3n y oposici\u00f3n respecto de sus datos personales y personales sensibles que resguarda y trata la asociaci\u00f3n civil y en el caso que quieran ejercerlos ante <strong>FYAPDI A.C. <\/strong>ser\u00e1s atendido en la oficina de <strong>FYAPDI AC<\/strong> en Calle Virgen No. 3462 Colonia La Calma en el Municipio de Zapopan, Jalisco en un horario de 9:00 a 17:00 horas y conforme a las prevenciones y requisitos establecidos en el Cap\u00edtulo IV de la Ley Federal de Protecci\u00f3n de Datos Personales en Posesi\u00f3n de los Particulares en vigor (Virgen No. 3462 Col. La Calma, Zapopan, Jalisco. Tel: 36-31-97-55 Correo: <a href=\"mailto:algarabia_centrodedia@hotmail.com\">algarabia_centrodedia@hotmail.com<\/a> de 9:00 a 17:00 horas).<\/p>\n\n\n\n<p><strong>MODIFICACIONES AL AVISO DE PRIVACIDAD DE FYAPDI, A.C.<\/strong><\/p>\n\n\n\n<p><strong>FYAPDI A.C., <\/strong>dar\u00e1 a conocer los cambios que se generen en el contenido del aviso de privacidad que corresponda, por esta misma p\u00e1gina, o por los medios institucionales de comunicaci\u00f3n con las personas que han proporcionado sus datos personales y personales sensibles, o por la p\u00e1gina WEB de la asociaci\u00f3n civil cuya direcci\u00f3n es: <a href=\"http:\/\/www.fyapdi.org.mx\">www.algarabiacentrodedia.org.mx<\/a><\/p>\n\n\n\n<p><strong>OTORGAMIENTO O REVOCACI\u00d3N DE CONSENTIMIENTO.<\/strong><\/p>\n\n\n\n<p>Los candidatos a usuario, los usuarios, el personal de <strong>FYAPDI AC<\/strong>, los alumnos prestadores del servicio social, voluntarios, donantes, o amigos de Algarab\u00eda Centro de D\u00eda, que han proporcionados sus datos personales y personales sensibles, podr\u00e1n manifestar o revocar su consentimiento a este <strong>AVISO DE PRIVACIDAD<\/strong>, al firmar la comunicaci\u00f3n respectiva que proporcionar\u00e1 la asociaci\u00f3n civil.<\/p>\n","protected":false},"excerpt":{"rendered":"<p>FYAPDI Asociaci\u00f3n Civil. ALGARAB\u00cdA Centro de D\u00eda (Dirigido a todos los candidatos a usuarios, los usuarios, los padres de familia de los usuarios y tutores de los usuarios, personal laboral de FYAPDI, A.C., de tiempo indefinido, de tiempo definido y profesionales, voluntarios, practicantes de servicio social, instituciones de educaci\u00f3n superior, donantes activos de FYAPDI A.C., amigos de FYAPDI A.C., y &hellip; <\/p>\n","protected":false},"author":1,"featured_media":0,"parent":0,"menu_order":1,"comment_status":"closed","ping_status":"closed","template":"","meta":{"spay_email":""},"_links":{"self":[{"href":"https:\/\/wordpress.algarabiacentrodedia.org.mx\/index.php\/wp-json\/wp\/v2\/pages\/3"}],"collection":[{"href":"https:\/\/wordpress.algarabiacentrodedia.org.mx\/index.php\/wp-json\/wp\/v2\/pages"}],"about":[{"href":"https:\/\/wordpress.algarabiacentrodedia.org.mx\/index.php\/wp-json\/wp\/v2\/types\/page"}],"author":[{"embeddable":true,"href":"https:\/\/wordpress.algarabiacentrodedia.org.mx\/index.php\/wp-json\/wp\/v2\/users\/1"}],"replies":[{"embeddable":true,"href":"https:\/\/wordpress.algarabiacentrodedia.org.mx\/index.php\/wp-json\/wp\/v2\/comments?post=3"}],"version-history":[{"count":4,"href":"https:\/\/wordpress.algarabiacentrodedia.org.mx\/index.php\/wp-json\/wp\/v2\/pages\/3\/revisions"}],"predecessor-version":[{"id":102,"href":"https:\/\/wordpress.algarabiacentrodedia.org.mx\/index.php\/wp-json\/wp\/v2\/pages\/3\/revisions\/102"}],"wp:attachment":[{"href":"https:\/\/wordpress.algarabiacentrodedia.org.mx\/index.php\/wp-json\/wp\/v2\/media?parent=3"}],"curies":[{"name":"wp","href":"https:\/\/api.w.org\/{rel}","templated":true}]}}