{"id":326,"date":"2021-01-27T18:30:20","date_gmt":"2021-01-28T00:30:20","guid":{"rendered":"http:\/\/wordpress.algarabiacentrodedia.org.mx\/?page_id=326"},"modified":"2021-01-28T19:15:16","modified_gmt":"2021-01-29T01:15:16","slug":"leonardo-ascencio","status":"publish","type":"page","link":"https:\/\/wordpress.algarabiacentrodedia.org.mx\/index.php\/leonardo-ascencio\/","title":{"rendered":"Leonardo Ascencio"},"content":{"rendered":"\n<figure class=\"wp-container-2 wp-block-gallery-1 wp-block-gallery columns-2 is-cropped\"><ul class=\"blocks-gallery-grid\"><li class=\"blocks-gallery-item\"><figure><img loading=\"lazy\" width=\"634\" height=\"643\" src=\"https:\/\/wordpress.algarabiacentrodedia.org.mx\/wp-content\/uploads\/2021\/01\/Leo.png\" alt=\"\" data-id=\"328\" data-full-url=\"https:\/\/wordpress.algarabiacentrodedia.org.mx\/wp-content\/uploads\/2021\/01\/Leo.png\" data-link=\"https:\/\/wordpress.algarabiacentrodedia.org.mx\/?attachment_id=328\" class=\"wp-image-328\" srcset=\"https:\/\/wordpress.algarabiacentrodedia.org.mx\/wp-content\/uploads\/2021\/01\/Leo.png 634w, https:\/\/wordpress.algarabiacentrodedia.org.mx\/wp-content\/uploads\/2021\/01\/Leo-296x300.png 296w, https:\/\/wordpress.algarabiacentrodedia.org.mx\/wp-content\/uploads\/2021\/01\/Leo-75x75.png 75w\" sizes=\"(max-width: 634px) 100vw, 634px\" \/><\/figure><\/li><li class=\"blocks-gallery-item\"><figure><img loading=\"lazy\" width=\"334\" height=\"341\" src=\"https:\/\/wordpress.algarabiacentrodedia.org.mx\/wp-content\/uploads\/2021\/01\/algarabia-14.png\" alt=\"\" data-id=\"327\" data-full-url=\"https:\/\/wordpress.algarabiacentrodedia.org.mx\/wp-content\/uploads\/2021\/01\/algarabia-14.png\" data-link=\"https:\/\/wordpress.algarabiacentrodedia.org.mx\/?attachment_id=327\" class=\"wp-image-327\" srcset=\"https:\/\/wordpress.algarabiacentrodedia.org.mx\/wp-content\/uploads\/2021\/01\/algarabia-14.png 334w, https:\/\/wordpress.algarabiacentrodedia.org.mx\/wp-content\/uploads\/2021\/01\/algarabia-14-294x300.png 294w\" sizes=\"(max-width: 334px) 100vw, 334px\" \/><\/figure><\/li><\/ul><\/figure>\n\n\n\n<p>Mi nombre es Leonardo Ascencio Ram\u00edrez, tengo 27 a\u00f1os, soy de Guadalajara, Jalisco y todos me conocen como Leo. <\/p>\n\n\n\n<p>Soy parte del cuerpo de Docentes de Algarab\u00eda desde hace 4 a\u00f1os, impartiendo el taller de Arte, adem\u00e1s de apoyar como asistente a los usuarios durante su estancia en el Centro de d\u00eda. <\/p>\n\n\n\n<p>Llegu\u00e9 a Algarab\u00eda y al mundo de la discapacidad intelectual gracias al maestro anterior, pues al no poder continuar con su labor en la Asociaci\u00f3n me inst\u00f3 a que yo continuara imparti\u00e9ndolo, pero m\u00e1s all\u00e1 de la recomendaci\u00f3n, al conocer el proyecto y el lugar me gust\u00f3 la manera en que \u00e9sta vislumbra la discapacidad y el cuestionamiento a los paradigmas establecidos a trav\u00e9s de diferentes estrategias y campos de acci\u00f3n para trabajar desde distintos niveles, el personal, el familiar, el social y el institucional. <\/p>\n\n\n\n<p>Si reflexiono sobre lo que me han ense\u00f1ado los j\u00f3venes y adultos con discapacidad intelectual, podr\u00eda decir que: <\/p>\n\n\n\n<blockquote class=\"wp-block-quote\"><p>&#8220;Me han ense\u00f1ado actitudes que toman para enfrentar las situaciones y los impedimentos del d\u00eda a d\u00eda, porras, aplausos y sobre todo, esfuerzo por lo que quieren conseguir.&#8221;<\/p><cite>Leo<\/cite><\/blockquote>\n\n\n\n<p>Las personas con discapacidad intelectual deben ser tratadas como se trata a cualquier persona, dado que al igual que cualquier individuo, tiene deseos, emociones, sentimientos y preferencias, pueden comprender lo que pasa en su entorno, por lo tanto, es importante que no se les infantilice ni se piense que no son capaces de muchas cosas, es claro que, quiz\u00e1, requieran de apoyo para realizar actividades que por sus habilidades o en el caso de algunos, capacidades f\u00edsicas, les puedan resultar complicadas; pero, siempre y cuando se d\u00e9 el apoyo adecuado pueden llegar a ser personas independientes y funcionales, que expresan lo que quieren y que forman parte activa de la sociedad en la que conviven. <\/p>\n","protected":false},"excerpt":{"rendered":"<p>Mi nombre es Leonardo Ascencio Ram\u00edrez, tengo 27 a\u00f1os, soy de Guadalajara, Jalisco y todos me conocen como Leo. Soy parte del cuerpo de Docentes de Algarab\u00eda desde hace 4 a\u00f1os, impartiendo el taller de Arte, adem\u00e1s de apoyar como asistente a los usuarios durante su estancia en el Centro de d\u00eda. Llegu\u00e9 a Algarab\u00eda y al mundo de la &hellip; <\/p>\n","protected":false},"author":1,"featured_media":0,"parent":0,"menu_order":0,"comment_status":"closed","ping_status":"closed","template":"","meta":{"spay_email":""},"_links":{"self":[{"href":"https:\/\/wordpress.algarabiacentrodedia.org.mx\/index.php\/wp-json\/wp\/v2\/pages\/326"}],"collection":[{"href":"https:\/\/wordpress.algarabiacentrodedia.org.mx\/index.php\/wp-json\/wp\/v2\/pages"}],"about":[{"href":"https:\/\/wordpress.algarabiacentrodedia.org.mx\/index.php\/wp-json\/wp\/v2\/types\/page"}],"author":[{"embeddable":true,"href":"https:\/\/wordpress.algarabiacentrodedia.org.mx\/index.php\/wp-json\/wp\/v2\/users\/1"}],"replies":[{"embeddable":true,"href":"https:\/\/wordpress.algarabiacentrodedia.org.mx\/index.php\/wp-json\/wp\/v2\/comments?post=326"}],"version-history":[{"count":1,"href":"https:\/\/wordpress.algarabiacentrodedia.org.mx\/index.php\/wp-json\/wp\/v2\/pages\/326\/revisions"}],"predecessor-version":[{"id":329,"href":"https:\/\/wordpress.algarabiacentrodedia.org.mx\/index.php\/wp-json\/wp\/v2\/pages\/326\/revisions\/329"}],"wp:attachment":[{"href":"https:\/\/wordpress.algarabiacentrodedia.org.mx\/index.php\/wp-json\/wp\/v2\/media?parent=326"}],"curies":[{"name":"wp","href":"https:\/\/api.w.org\/{rel}","templated":true}]}}