{"id":330,"date":"2021-01-27T19:02:38","date_gmt":"2021-01-28T01:02:38","guid":{"rendered":"http:\/\/wordpress.algarabiacentrodedia.org.mx\/?page_id=330"},"modified":"2021-01-28T19:15:23","modified_gmt":"2021-01-29T01:15:23","slug":"luis-carlos-murguia","status":"publish","type":"page","link":"https:\/\/wordpress.algarabiacentrodedia.org.mx\/index.php\/luis-carlos-murguia\/","title":{"rendered":"Luis Carlos Murgu\u00eda"},"content":{"rendered":"\n<figure class=\"wp-container-2 wp-block-gallery-1 wp-block-gallery aligncenter columns-2 is-cropped\"><ul class=\"blocks-gallery-grid\"><li class=\"blocks-gallery-item\"><figure><img loading=\"lazy\" width=\"634\" height=\"634\" src=\"https:\/\/wordpress.algarabiacentrodedia.org.mx\/wp-content\/uploads\/2021\/01\/Luis.png\" alt=\"\" data-id=\"333\" data-full-url=\"https:\/\/wordpress.algarabiacentrodedia.org.mx\/wp-content\/uploads\/2021\/01\/Luis.png\" data-link=\"https:\/\/wordpress.algarabiacentrodedia.org.mx\/?attachment_id=333\" class=\"wp-image-333\" srcset=\"https:\/\/wordpress.algarabiacentrodedia.org.mx\/wp-content\/uploads\/2021\/01\/Luis.png 634w, https:\/\/wordpress.algarabiacentrodedia.org.mx\/wp-content\/uploads\/2021\/01\/Luis-300x300.png 300w, https:\/\/wordpress.algarabiacentrodedia.org.mx\/wp-content\/uploads\/2021\/01\/Luis-150x150.png 150w, https:\/\/wordpress.algarabiacentrodedia.org.mx\/wp-content\/uploads\/2021\/01\/Luis-275x275.png 275w, https:\/\/wordpress.algarabiacentrodedia.org.mx\/wp-content\/uploads\/2021\/01\/Luis-75x75.png 75w\" sizes=\"(max-width: 634px) 100vw, 634px\" \/><\/figure><\/li><li class=\"blocks-gallery-item\"><figure><img loading=\"lazy\" width=\"334\" height=\"341\" src=\"https:\/\/wordpress.algarabiacentrodedia.org.mx\/wp-content\/uploads\/2021\/01\/algarabia-15.png\" alt=\"\" data-id=\"332\" data-full-url=\"https:\/\/wordpress.algarabiacentrodedia.org.mx\/wp-content\/uploads\/2021\/01\/algarabia-15.png\" data-link=\"https:\/\/wordpress.algarabiacentrodedia.org.mx\/?attachment_id=332\" class=\"wp-image-332\" srcset=\"https:\/\/wordpress.algarabiacentrodedia.org.mx\/wp-content\/uploads\/2021\/01\/algarabia-15.png 334w, https:\/\/wordpress.algarabiacentrodedia.org.mx\/wp-content\/uploads\/2021\/01\/algarabia-15-294x300.png 294w\" sizes=\"(max-width: 334px) 100vw, 334px\" \/><\/figure><\/li><\/ul><\/figure>\n\n\n\n<p>Soy Luis Carlos Murgu\u00eda Curiel, tengo 27 a\u00f1os, me gusta que me llamen Luis y nac\u00ed en Mazatl\u00e1n, Sinaloa; pero me cri\u00e9 en Cabo San Lucas. <\/p>\n\n\n\n<p>Me acerqu\u00e9 al \u00e1mbito de la discapacidad por invitaci\u00f3n de un t\u00edo a participar como voluntario en una actividad de inclusi\u00f3n social de Algarab\u00eda, posteriormente me invitaron para impartir un taller de uso de medios digitales dirigido a los j\u00f3venes y adultos con discapacidad intelectual; y desde que entr\u00e9, me interes\u00f3 aprender sobre los sistemas de tutorado inteligentes y apoyar, a trav\u00e9s de ellos, a que  los usuarios pudieran expresar y comunicar sus pensamientos. <\/p>\n\n\n\n<p>No conoc\u00eda otro lugar como Algarab\u00eda y para cuando conoc\u00ed otros, ya hab\u00eda empezado a encari\u00f1arme y a tratar de apoyar con la tecnolog\u00eda a los j\u00f3venes y adultos con discapacidad, y dif\u00edcilmente encuentro en otros espacios lo que aqu\u00ed, de manera conjunta, comenzando por la comunidad tan diversa y abierta a romper paradigmas y a luchar por la defensa de sus Derechos Humanos, adem\u00e1s de que, profesionalmente es un reto complejo que me hace sentir satisfecho. <\/p>\n\n\n\n<p>Adem\u00e1s, con ellos he aprendido que: <\/p>\n\n\n\n<blockquote class=\"wp-block-quote\"><p>&#8220;Las personas por m\u00e1s diferentes que seamos, en esencia somos iguales&#8221;<\/p><cite>Luis<\/cite><\/blockquote>\n\n\n\n<p>Creo que la mejor forma de interactuar con una Persona con discapacidad intelectual es como con todas las Personas, s\u00e9 su amigo, escucha, atiende, apoya y aporta. <\/p>\n","protected":false},"excerpt":{"rendered":"<p>Soy Luis Carlos Murgu\u00eda Curiel, tengo 27 a\u00f1os, me gusta que me llamen Luis y nac\u00ed en Mazatl\u00e1n, Sinaloa; pero me cri\u00e9 en Cabo San Lucas. Me acerqu\u00e9 al \u00e1mbito de la discapacidad por invitaci\u00f3n de un t\u00edo a participar como voluntario en una actividad de inclusi\u00f3n social de Algarab\u00eda, posteriormente me invitaron para impartir un taller de uso de &hellip; <\/p>\n","protected":false},"author":1,"featured_media":0,"parent":0,"menu_order":0,"comment_status":"closed","ping_status":"closed","template":"","meta":{"spay_email":""},"_links":{"self":[{"href":"https:\/\/wordpress.algarabiacentrodedia.org.mx\/index.php\/wp-json\/wp\/v2\/pages\/330"}],"collection":[{"href":"https:\/\/wordpress.algarabiacentrodedia.org.mx\/index.php\/wp-json\/wp\/v2\/pages"}],"about":[{"href":"https:\/\/wordpress.algarabiacentrodedia.org.mx\/index.php\/wp-json\/wp\/v2\/types\/page"}],"author":[{"embeddable":true,"href":"https:\/\/wordpress.algarabiacentrodedia.org.mx\/index.php\/wp-json\/wp\/v2\/users\/1"}],"replies":[{"embeddable":true,"href":"https:\/\/wordpress.algarabiacentrodedia.org.mx\/index.php\/wp-json\/wp\/v2\/comments?post=330"}],"version-history":[{"count":4,"href":"https:\/\/wordpress.algarabiacentrodedia.org.mx\/index.php\/wp-json\/wp\/v2\/pages\/330\/revisions"}],"predecessor-version":[{"id":336,"href":"https:\/\/wordpress.algarabiacentrodedia.org.mx\/index.php\/wp-json\/wp\/v2\/pages\/330\/revisions\/336"}],"wp:attachment":[{"href":"https:\/\/wordpress.algarabiacentrodedia.org.mx\/index.php\/wp-json\/wp\/v2\/media?parent=330"}],"curies":[{"name":"wp","href":"https:\/\/api.w.org\/{rel}","templated":true}]}}