{"id":521,"date":"2021-10-11T12:33:17","date_gmt":"2021-10-11T18:33:17","guid":{"rendered":"https:\/\/wordpress.algarabiacentrodedia.org.mx\/?page_id=521"},"modified":"2021-10-11T12:33:17","modified_gmt":"2021-10-11T18:33:17","slug":"lizbeth-castro","status":"publish","type":"page","link":"https:\/\/wordpress.algarabiacentrodedia.org.mx\/index.php\/lizbeth-castro\/","title":{"rendered":"Lizbeth Castro"},"content":{"rendered":"\n<figure class=\"wp-container-2 wp-block-gallery-1 wp-block-gallery columns-2 is-cropped\"><ul class=\"blocks-gallery-grid\"><li class=\"blocks-gallery-item\"><figure><img loading=\"lazy\" width=\"1024\" height=\"1024\" src=\"https:\/\/wordpress.algarabiacentrodedia.org.mx\/wp-content\/uploads\/2021\/10\/Liz-Castro-1024x1024.png\" alt=\"\" data-id=\"523\" data-full-url=\"https:\/\/wordpress.algarabiacentrodedia.org.mx\/wp-content\/uploads\/2021\/10\/Liz-Castro.png\" data-link=\"https:\/\/wordpress.algarabiacentrodedia.org.mx\/?attachment_id=523\" class=\"wp-image-523\" srcset=\"https:\/\/wordpress.algarabiacentrodedia.org.mx\/wp-content\/uploads\/2021\/10\/Liz-Castro-1024x1024.png 1024w, https:\/\/wordpress.algarabiacentrodedia.org.mx\/wp-content\/uploads\/2021\/10\/Liz-Castro-300x300.png 300w, https:\/\/wordpress.algarabiacentrodedia.org.mx\/wp-content\/uploads\/2021\/10\/Liz-Castro-150x150.png 150w, https:\/\/wordpress.algarabiacentrodedia.org.mx\/wp-content\/uploads\/2021\/10\/Liz-Castro-768x768.png 768w, https:\/\/wordpress.algarabiacentrodedia.org.mx\/wp-content\/uploads\/2021\/10\/Liz-Castro-275x275.png 275w, https:\/\/wordpress.algarabiacentrodedia.org.mx\/wp-content\/uploads\/2021\/10\/Liz-Castro-75x75.png 75w, https:\/\/wordpress.algarabiacentrodedia.org.mx\/wp-content\/uploads\/2021\/10\/Liz-Castro.png 1080w\" sizes=\"(max-width: 1024px) 100vw, 1024px\" \/><\/figure><\/li><li class=\"blocks-gallery-item\"><figure><img loading=\"lazy\" width=\"334\" height=\"341\" src=\"https:\/\/wordpress.algarabiacentrodedia.org.mx\/wp-content\/uploads\/2021\/10\/algarabia-2.png\" alt=\"\" data-id=\"522\" data-full-url=\"https:\/\/wordpress.algarabiacentrodedia.org.mx\/wp-content\/uploads\/2021\/10\/algarabia-2.png\" data-link=\"https:\/\/wordpress.algarabiacentrodedia.org.mx\/?attachment_id=522\" class=\"wp-image-522\" srcset=\"https:\/\/wordpress.algarabiacentrodedia.org.mx\/wp-content\/uploads\/2021\/10\/algarabia-2.png 334w, https:\/\/wordpress.algarabiacentrodedia.org.mx\/wp-content\/uploads\/2021\/10\/algarabia-2-294x300.png 294w\" sizes=\"(max-width: 334px) 100vw, 334px\" \/><\/figure><\/li><\/ul><\/figure>\n\n\n\n<p>Soy Yoatzing Lizbeth Castro S\u00e1nchez, me dicen Yoa o Liz, tengo 32 a\u00f1os y soy de la Ciudad de M\u00e9xico, desde hace 2 a\u00f1os formo parte del equipo colaborativo de Algarab\u00eda centro de d\u00eda como Auxiliar, brindando apoyo para calentar los desayunos y comidas de usuarios, apoyo en las horas de desayuno y comida a los chicos que lo requieran as\u00ed como tambi\u00e9n en su higiene personal, toma de medicamentos que requieran y en la realizaci\u00f3n de las actividades de talleres, dentro y fuera de la asociaci\u00f3n.<\/p>\n\n\n\n<p>Me gusta formar parte Algarab\u00eda por el trabajo en equipo que se realiza, siento una buena mancuerna con mis compa\u00f1eros en el compromiso para lograr el camino de vida independiente que se quiere para nuestros usuarios.<\/p>\n\n\n\n<p>De los nuestros j\u00f3venes y adultos con discapacidad intelectual he aprendido:<\/p>\n\n\n\n<blockquote class=\"wp-block-quote\"><p>&#8220;A disfrutar cada momento con sentimiento autentico&#8221;<\/p><\/blockquote>\n\n\n\n<p>Creo que la mejor manera de interactuar con Personas con discapacidad es estar en la mejor disposici\u00f3n a tratar de comunicarse, ya que cada chico tiene su manera de expresarse.<\/p>\n","protected":false},"excerpt":{"rendered":"<p>Soy Yoatzing Lizbeth Castro S\u00e1nchez, me dicen Yoa o Liz, tengo 32 a\u00f1os y soy de la Ciudad de M\u00e9xico, desde hace 2 a\u00f1os formo parte del equipo colaborativo de Algarab\u00eda centro de d\u00eda como Auxiliar, brindando apoyo para calentar los desayunos y comidas de usuarios, apoyo en las horas de desayuno y comida a los chicos que lo requieran &hellip; <\/p>\n","protected":false},"author":1,"featured_media":0,"parent":0,"menu_order":0,"comment_status":"closed","ping_status":"closed","template":"","meta":{"spay_email":""},"_links":{"self":[{"href":"https:\/\/wordpress.algarabiacentrodedia.org.mx\/index.php\/wp-json\/wp\/v2\/pages\/521"}],"collection":[{"href":"https:\/\/wordpress.algarabiacentrodedia.org.mx\/index.php\/wp-json\/wp\/v2\/pages"}],"about":[{"href":"https:\/\/wordpress.algarabiacentrodedia.org.mx\/index.php\/wp-json\/wp\/v2\/types\/page"}],"author":[{"embeddable":true,"href":"https:\/\/wordpress.algarabiacentrodedia.org.mx\/index.php\/wp-json\/wp\/v2\/users\/1"}],"replies":[{"embeddable":true,"href":"https:\/\/wordpress.algarabiacentrodedia.org.mx\/index.php\/wp-json\/wp\/v2\/comments?post=521"}],"version-history":[{"count":1,"href":"https:\/\/wordpress.algarabiacentrodedia.org.mx\/index.php\/wp-json\/wp\/v2\/pages\/521\/revisions"}],"predecessor-version":[{"id":524,"href":"https:\/\/wordpress.algarabiacentrodedia.org.mx\/index.php\/wp-json\/wp\/v2\/pages\/521\/revisions\/524"}],"wp:attachment":[{"href":"https:\/\/wordpress.algarabiacentrodedia.org.mx\/index.php\/wp-json\/wp\/v2\/media?parent=521"}],"curies":[{"name":"wp","href":"https:\/\/api.w.org\/{rel}","templated":true}]}}