{"id":93,"date":"2020-12-29T17:16:51","date_gmt":"2020-12-29T23:16:51","guid":{"rendered":"http:\/\/wordpress.algarabiacentrodedia.org.mx\/?page_id=93"},"modified":"2021-01-28T21:26:20","modified_gmt":"2021-01-29T03:26:20","slug":"quienes-somos","status":"publish","type":"page","link":"https:\/\/wordpress.algarabiacentrodedia.org.mx\/index.php\/quienes-somos\/","title":{"rendered":"Qui\u00e9nes Somos"},"content":{"rendered":"\n<p class=\"has-text-align-left\">Somos un grupo de personas que trabaja por la causa de j\u00f3venes y adultos con discapacidad intelectual (DI) asociada a otras discapacidades, como trastornos del espectro autista y discapacidad motora.<\/p>\n\n\n\n<p>En 2004 constituimos legalmente esta Asociaci\u00f3n Civil bajo el nombre de&nbsp;<span style=\"color:#9ccb3b\" class=\"has-inline-color\"><strong>FYAPDI,<\/strong>&nbsp;<strong>A.C<\/strong><\/span>., acr\u00f3nimo de&nbsp;<em><span style=\"color:#9ccb3b\" class=\"has-inline-color\"><strong>Familiares y Amigos de Personas con Discapacidad Intelectual<\/strong><\/span><\/em>, a trav\u00e9s de la cual buscamos el bienestar de este tipo de personas y sus familias.<\/p>\n\n\n\n<p>En el 2005, FYAPDI AC obtuvo el reconocimiento del\u00a0Instituto Jalisciense de Asistencia Social (IJAS), actualmente la <a href=\"https:\/\/ssas.jalisco.gob.mx\/\" data-type=\"URL\" target=\"_blank\" rel=\"noreferrer noopener\">Subsecretar\u00eda del Sistema de Asistencia Social<\/a> (SSAS), se convirti\u00f3 en instituci\u00f3n afiliada a\u00a0<a href=\"http:\/\/www.http:\/\/confe.org\/\" target=\"_blank\" rel=\"noreferrer noopener\">CONFE<\/a>\u00a0y particip\u00f3 por primera vez en los programas de fortalecimiento de\u00a0<a href=\"http:\/\/vivirparacompartir.org\/\">Corporativa<\/a><a href=\"http:\/\/cf.org.mx\/\"> <\/a><a href=\"http:\/\/vivirparacompartir.org\/\" target=\"_blank\" rel=\"noreferrer noopener\">de Fundaciones.<\/a><\/p>\n\n\n\n<p>Con la perspectiva de mejorar la calidad de la vida y generar los mecanismos para la inclusi\u00f3n social&nbsp;de las Personas con Discapacidad Intelectual (PcDI), se decidi\u00f3 arrancar el proyecto del Centro de D\u00eda, y&nbsp;el 19 de noviembre de 2009 se inaugur\u00f3 formalmente. A principios del 2010 se decidi\u00f3 nombrar al Centro como&nbsp;<strong><em><span style=\"color:#9ccb3b\" class=\"has-inline-color\">Algarab\u00eda, Centro de D\u00eda<\/span><\/em><\/strong><\/p>\n\n\n\n<figure class=\"wp-container-2 wp-block-gallery-1 wp-block-gallery aligncenter columns-1 is-cropped\"><ul class=\"blocks-gallery-grid\"><li class=\"blocks-gallery-item\"><figure><img loading=\"lazy\" width=\"1000\" height=\"666\" src=\"https:\/\/wordpress.algarabiacentrodedia.org.mx\/wp-content\/uploads\/2020\/12\/Algarabia_interior1.png\" alt=\"\" data-id=\"94\" data-full-url=\"https:\/\/wordpress.algarabiacentrodedia.org.mx\/wp-content\/uploads\/2020\/12\/Algarabia_interior1.png\" data-link=\"https:\/\/wordpress.algarabiacentrodedia.org.mx\/?attachment_id=94\" class=\"wp-image-94\" srcset=\"https:\/\/wordpress.algarabiacentrodedia.org.mx\/wp-content\/uploads\/2020\/12\/Algarabia_interior1.png 1000w, https:\/\/wordpress.algarabiacentrodedia.org.mx\/wp-content\/uploads\/2020\/12\/Algarabia_interior1-300x200.png 300w, https:\/\/wordpress.algarabiacentrodedia.org.mx\/wp-content\/uploads\/2020\/12\/Algarabia_interior1-768x511.png 768w\" sizes=\"(max-width: 1000px) 100vw, 1000px\" \/><\/figure><\/li><\/ul><\/figure>\n\n\n\n<p>FYAPDI AC sustenta todo su trabajo en su fuerte convicci\u00f3n de que\u00a0<strong><span style=\"color:#21409a\" class=\"has-inline-color\">si todos les brindamos los apoyos que requieren, los j\u00f3venes y adultos con discapacidad intelectual severa lograr\u00e1n su desarrollo y tendr\u00e1n la vida digna que merecen.<\/span><\/strong><\/p>\n\n\n\n<p>En 2012, se logr\u00f3 obtener la CLUNI, reconocimiento de INDESOL y la autorizaci\u00f3n del SAT para expedir donativos deducibles del ISR.<\/p>\n\n\n\n<p>Actualmente trabaja sus programas con el apoyo de instituciones sociales y educativas como: la Secretaria de Desarrollo e Integraci\u00f3n Social de Jalisco, Corporativa de Fundaciones, SSAS, <a href=\"https:\/\/www.cemefi.org\/\">CEMEFI<\/a>, ITESO, UNIVA, UP, Sistema Universidad Virtual de la UdG, Universidad Lamar, Ateneo Metropolitano, Universidad Enrique D\u00edaz de Le\u00f3n, Universidad Marista de Guadalajara.<\/p>\n","protected":false},"excerpt":{"rendered":"<p>Somos un grupo de personas que trabaja por la causa de j\u00f3venes y adultos con discapacidad intelectual (DI) asociada a otras discapacidades, como trastornos del espectro autista y discapacidad motora. En 2004 constituimos legalmente esta Asociaci\u00f3n Civil bajo el nombre de&nbsp;FYAPDI,&nbsp;A.C., acr\u00f3nimo de&nbsp;Familiares y Amigos de Personas con Discapacidad Intelectual, a trav\u00e9s de la cual buscamos el bienestar de este &hellip; <\/p>\n","protected":false},"author":1,"featured_media":0,"parent":0,"menu_order":0,"comment_status":"closed","ping_status":"closed","template":"","meta":{"spay_email":""},"_links":{"self":[{"href":"https:\/\/wordpress.algarabiacentrodedia.org.mx\/index.php\/wp-json\/wp\/v2\/pages\/93"}],"collection":[{"href":"https:\/\/wordpress.algarabiacentrodedia.org.mx\/index.php\/wp-json\/wp\/v2\/pages"}],"about":[{"href":"https:\/\/wordpress.algarabiacentrodedia.org.mx\/index.php\/wp-json\/wp\/v2\/types\/page"}],"author":[{"embeddable":true,"href":"https:\/\/wordpress.algarabiacentrodedia.org.mx\/index.php\/wp-json\/wp\/v2\/users\/1"}],"replies":[{"embeddable":true,"href":"https:\/\/wordpress.algarabiacentrodedia.org.mx\/index.php\/wp-json\/wp\/v2\/comments?post=93"}],"version-history":[{"count":5,"href":"https:\/\/wordpress.algarabiacentrodedia.org.mx\/index.php\/wp-json\/wp\/v2\/pages\/93\/revisions"}],"predecessor-version":[{"id":441,"href":"https:\/\/wordpress.algarabiacentrodedia.org.mx\/index.php\/wp-json\/wp\/v2\/pages\/93\/revisions\/441"}],"wp:attachment":[{"href":"https:\/\/wordpress.algarabiacentrodedia.org.mx\/index.php\/wp-json\/wp\/v2\/media?parent=93"}],"curies":[{"name":"wp","href":"https:\/\/api.w.org\/{rel}","templated":true}]}}